{"id":20868,"date":"2023-12-22T12:23:02","date_gmt":"2023-12-22T11:23:02","guid":{"rendered":"https:\/\/www.wepaflyer.com\/?post_type=product&#038;p=20868"},"modified":"2026-04-03T18:56:44","modified_gmt":"2026-04-03T16:56:44","slug":"plkb-twister-3-0-4-leinen-drachen","status":"publish","type":"product","link":"https:\/\/www.wepaflyer.com\/de\/produkt\/plkb-twister-3-0-4-leinen-drachen\/","title":{"rendered":"PLKB Twister 3.0 4-Lines Kite"},"content":{"rendered":"<h3>PLKB\/Peter Lynn Twister 3.0 Power Kite<\/h3>\n<div>\n<h4>Der ultimative 4-Leiner Airtime Champion Kite | Mit QuadHandles oder Controlbar<\/h4>\n<p><strong><span style=\"font-family: Poppins; font-size: 15px;\">Bist du bereit zu springen? | Are you ready to jump?<\/span><\/strong><\/p>\n<\/div>\n<p>Durch die Luft zu schweben ist unglaublich! Und um dieses gro\u00dfartige Gef\u00fchl in Ihre H\u00e4nde zu legen, haben wir den Twister entwickelt. Der Peter Lynn | PLKB Twister ist der <strong>unangefochtene Airtime-Champion<\/strong> in der Kategorie Fixed-bridling und zaubert seit \u00fcber einem Jahrzehnt ein L\u00e4cheln auf die Gesichter von Adrenalinjunkies auf der ganzen Welt.<\/p>\n<p>Seine bekannte F\u00e4higkeit, gro\u00dfe Spr\u00fcnge zu erm\u00f6glichen, kombiniert mit seiner direkten Lenkung, bietet jedem ambitionierten Piloten eine gro\u00dfartige \u201eAirtime-Maschine\u201c mit mehr als genug Leistung, um Ihr Powerkiten auf ein neues Niveau zu heben. Das mittlere bis hohe Aspekt Ratio macht den Twister schnell und leistungsstark, w\u00e4hrend die Leistungseinstellungen maximale Kontrolle und Leistung gew\u00e4hrleisten. Auf der Suche nach Airtime? Starten Sie sofort mit dem Twister!<\/p>\n<h6><strong>Eigenschaften des Twister 4-Line Airtime Champion Kites:<\/strong><\/h6>\n<h6>Gro\u00dfer Windbereich<\/h6>\n<p>Der Twister hat eine ziemlich gro\u00dfe Windreichweite. Er l\u00e4sst sich problemlos bei leichtem Wind fliegen, sodass die Abstimmung auf das Verhalten des Drachens sicher und sicher erfolgen kann. Sobald Sie die Grundlagen beherrschen, k\u00f6nnen Sie seine Leistung steigern, indem Sie ihn bei h\u00f6heren Windgeschwindigkeiten fliegen, wo sein unglaubliches Potenzial erst richtig zur Geltung kommt. Der Twister ist nicht nur der ultimative 4-Leiner-Drachen zum Kitespringen, er bietet dir auch genug Power, um im Buggy oder auf dem Board loszulegen.<\/p>\n<h6>Guter Auftrieb<\/h6>\n<p>Der Twister liefert viel Kraft und ist f\u00fcr seine Sprungkraft bekannt. Mit diesem neuesten Modell haben wir die Leistung verbessert, ohne die Zug\u00e4nglichkeit zu beeintr\u00e4chtigen. Der Twister fliegt leichter als seine Vorg\u00e4nger, liefert aber gleichzeitig mehr Power als jeder andere Drachen seiner Klasse. Tats\u00e4chlich ist der Twister eine Klasse f\u00fcr sich.<\/p>\n<h6>Erstaunliche Stabilit\u00e4t<\/h6>\n<p>Der Peter Lynn | PLKB Twister ist ohne Zweifel die beste Option f\u00fcr ernsthaftes Drachenspringen. Da Kitesurfen ein ziemlich extremer Sport ist, ist der Twister so stabil und zuverl\u00e4ssig wie m\u00f6glich konstruiert. Das innovative Design des Twister beh\u00e4lt die gro\u00dfartigen Flugeigenschaften bei, f\u00fcr die die Serie bekannt ist, und minimiert gleichzeitig die Gefahr des Luvens oder Klapperns.<\/p>\n<h6>Reibungslose und vorhersehbare Leistungsabgabe<\/h6>\n<p>Das raffinierte Design von den Twisters sorgt daf\u00fcr, dass der Kite seine Kraft auf kontrollierbare Weise abgibt. Beim Fliegen durch das Windfenster kommt es zu keinem pl\u00f6tzlichen Leistungsanstieg. Die durchdachten Profile machen den Kite im Flug unglaublich \u201esauber\u201c und aerodynamisch. Die minimierte Waagenbeleinung reduziert den Luftwiderstand auf das absolute Minimum, was zu einem sehr effizienten und vorhersehbaren Foilkite f\u00fchrt.<\/p>\n<h6><strong>Der PLKB Twister 3.0 wird als Komplettpaket geliefert, bestehend aus:<\/strong><\/h6>\n<ul>\n<li>Twister-Drachen<\/li>\n<li>Twister-Tasche<\/li>\n<li>ALU-Quad-Griffe <strong>ODER<\/strong> 4-zeilige Controlbar<strong>*<\/strong><\/li>\n<li>Farbcodierte, langlebige Dyneema\u00ae-Drachenleinen mit gen\u00e4hten Manteln<\/li>\n<li>Sicherheitssystem (Sicherheitsleine \/ Kitekiller)<\/li>\n<li>Bodend\u00fcbel (Groundstake)<\/li>\n<li>4-Leiner-Drachenhandbuch mit Anleitungen<\/li>\n<\/ul>\n<p><strong><em>*F\u00fcge den Twister an deinem Warenkorb hinzu, dort kannst du w\u00e4hlen, ob du den Kite mit 4-Leiner-Griffen oder der 4-Leiner-Lenkstange m\u00f6chtest.<\/em><\/strong><\/p>\n<h6><strong>Schnurl\u00e4nge und -st\u00e4rke &amp; Windbereich Twister 4-Line Kites:<\/strong><\/h6>\n<ul>\n<li><strong>Twister 3,0m\u00b2 | 4 x 18 m 200\/100 daN | R2F | Windst\u00e4rke 2,5-6 Bft.<\/strong><\/li>\n<li>Twister 4,0m\u00b2 | 4 x 18 m 200\/100 daN | R2F | Windst\u00e4rke 1,5-5,5 Bft.<\/li>\n<li>Twister 5,0m\u00b2 | 4 x 18 m 200\/100 daN | R2F | Windst\u00e4rke 1,5-4,5 Bft.<\/li>\n<li>Twister 6,5m\u00b2 | 4 x 18 m 200\/100 daN | R2F | Windst\u00e4rke 1-3,5 Bft.<\/li>\n<\/ul>\n<div>\n<div><\/div>\n<\/div>\n<p><iframe loading=\"lazy\" src=\"https:\/\/www.youtube.com\/embed\/AqlnO57bJqg?rel=0\" width=\"347\" height=\"192\" frameborder=\"0\" allowfullscreen=\"allowfullscreen\"><\/iframe><\/p>\n","protected":false},"excerpt":{"rendered":"<p>PLKB\/Peter Lynn | Der ultimative 4-Leiner Airtime Champion Kite | Mit QuadHandles oder Controlbar<\/p>\n","protected":false},"featured_media":20086,"comment_status":"closed","ping_status":"closed","template":"","meta":{"_acf_changed":false},"product_brand":[],"product_cat":[2162,1348,2163,1372],"product_tag":[],"class_list":{"0":"post-20868","1":"product","2":"type-product","3":"status-publish","4":"has-post-thumbnail","6":"product_cat-4-leiner-lenkmatten","7":"product_cat-marken","8":"product_cat-peter-lynn","9":"product_cat-powerkites","10":"pa_editie-4-line-controlbar-de-2","11":"pa_editie-4-line-handles-de-2","13":"first","14":"instock","15":"sale","16":"taxable","17":"shipping-taxable","18":"purchasable","19":"product-type-variable"},"acf":[],"_links":{"self":[{"href":"https:\/\/www.wepaflyer.com\/de\/wp-json\/wp\/v2\/product\/20868","targetHints":{"allow":["GET"]}}],"collection":[{"href":"https:\/\/www.wepaflyer.com\/de\/wp-json\/wp\/v2\/product"}],"about":[{"href":"https:\/\/www.wepaflyer.com\/de\/wp-json\/wp\/v2\/types\/product"}],"replies":[{"embeddable":true,"href":"https:\/\/www.wepaflyer.com\/de\/wp-json\/wp\/v2\/comments?post=20868"}],"wp:featuredmedia":[{"embeddable":true,"href":"https:\/\/www.wepaflyer.com\/de\/wp-json\/wp\/v2\/media\/20086"}],"wp:attachment":[{"href":"https:\/\/www.wepaflyer.com\/de\/wp-json\/wp\/v2\/media?parent=20868"}],"wp:term":[{"taxonomy":"product_brand","embeddable":true,"href":"https:\/\/www.wepaflyer.com\/de\/wp-json\/wp\/v2\/product_brand?post=20868"},{"taxonomy":"product_cat","embeddable":true,"href":"https:\/\/www.wepaflyer.com\/de\/wp-json\/wp\/v2\/product_cat?post=20868"},{"taxonomy":"product_tag","embeddable":true,"href":"https:\/\/www.wepaflyer.com\/de\/wp-json\/wp\/v2\/product_tag?post=20868"}],"curies":[{"name":"wp","href":"https:\/\/api.w.org\/{rel}","templated":true}]}}