{"id":20829,"date":"2023-12-22T12:22:33","date_gmt":"2023-12-22T11:22:33","guid":{"rendered":"https:\/\/www.wepaflyer.com\/?post_type=product&#038;p=20829"},"modified":"2026-05-04T12:24:34","modified_gmt":"2026-05-04T10:24:34","slug":"nasa-wing-rainbow-2-0","status":"publish","type":"product","link":"https:\/\/www.wepaflyer.com\/de\/produkt\/nasa-wing-rainbow-2-0\/","title":{"rendered":"NASA Wing Rainbow 2.0"},"content":{"rendered":"<h3>NW 2.0 NASA WING RAINBOW<\/h3>\n<h5>DER GANZ BESONDERE UR POWER-KITE, IN VIELEN GR\u00d6\u00dfEN ERH\u00c4LTLICH<\/h5>\n<p>Hergestellt aus robustem Spinnakerstoff in Regenbogenfarben, wie abgebildet.<\/p>\n<p><strong>DIE HERSTELLUNG VON DEN NASA WINGS WURDE UNTER EINEM NEUEN NAMEN WIEDER AUFGENOMMEN: NW NASAWING 2.0<\/strong><\/p>\n<p>Im Jahr 2023 haben wir den Produktionsstopp der NASAWings gemeldet, freuen uns aber sehr, die Wiederaufnahme der Produktion dieses UR-POWERKITES unter dem neuen Namen NW NASAWING 2.0 bekannt zu geben!! Alle Gr\u00f6\u00dfen werden bald wieder in der bekannten Version erh\u00e4ltlich sein, mit dem Hinweis, dass hier und da einige Verbesserungen vorgenommen wurden und in der neuen Produktion ein noch robusteres und flexibleres Spinnaker-Polyestertuch zum Einsatz kommt.<br \/>\nWir gehen davon aus, dass das neue NW NASAWING 2.0 ein gro\u00dfer und voller Erfolg wird!<\/p>\n<p><strong>DIE ALLERLETZTEN NASA-WINGS AUS ALTER PRODUKTION SIND IMMER NOCH ZU ABSOLUTEN TIEFSTPREISEN ERH\u00c4LTLICH, SOLANGE DER VORRAT REICHT.\u00a0 FARBABWEICHUNGEN SIND BEI DIESEN UNTERPREISANGEBOTEN M\u00d6GLICH, ES SIND DIE ALLERLETZTEN\u2026 SCHAUEN SIE NACH IN DER KATEGORIE \u201eNASA WINGS OLD SCHOOL\u201c IM WEBSHOP BEI DEN SALE ANGEBOTEN.<\/strong><\/p>\n<p>Auf der Suche nach einem NASA Wing? Obwohl viele Leute ihn eine Lenkmatte nennen, ist der NASA-Wing eigentlich keine. Es handelt sich um einen besonderen Drachen, der eher wie ein Fallschirm aussieht. Hergestellt aus einlagigem Drachentuch und ausgestattet mit vielen Waageleinen, die dem NASA Wing seine Form geben und ihn unter Kontrolle halten.<\/p>\n<h5>NASA Wing Rainbow-Serie<\/h5>\n<p>Die kleineren Gr\u00f6\u00dfen sind echte Spa\u00dfdrachen, die bei angemessenem Wind viel Kraft entwickeln k\u00f6nnen. Also aufgepasst! Die kleinen Drachen sind auch f\u00fcr Anf\u00e4nger leicht zu fliegen, ab dem NASA Wing 190 ist jedoch etwas Erfahrung und Aufmerksamkeit erforderlich. Die gr\u00f6\u00dferen Drachen bieten viel Power und Zugkraft und eignen sich ideal als Zugdrachen. Sie reagieren allerdings etwas langsamer als Handle- oder Depowerdrachen und eignen sich daher nicht optimal als Buggydrachen.<\/p>\n<h5>Bestellen Sie NASA Wing-Drachen online<\/h5>\n<p>Der NASA Wing ist ein unkomplizierter Drachen f\u00fcr den Drachenflieger, der entweder sofort mit ein wenig Leistung (kleinere Gr\u00f6\u00dfen) loslegen oder mit der st\u00e4rksten verf\u00fcgbaren Drachenpower (gro\u00dfe Gr\u00f6\u00dfen) aufs Ganze gehen m\u00f6chte. Hauptvorteile der NASA-Wing-Drachen sind ihr relativ g\u00fcnstiger Preis, ihre Robustheit und ihre Transportf\u00e4higkeit; Da man es sehr klein zusammenfalten kann, l\u00e4sst es sich leicht mitnehmen. Bei den vielen Waageleinen ist ein wenig Vorsicht geboten, da diese sich leicht verheddern k\u00f6nnen.<\/p>\n<p>Der Drachen wird ohne Leinen, Griffe und\/oder Lenkschlaufen (Kite Only) <strong>ODER<\/strong> flugbereit (R2F) geliefert. Sie k\u00f6nnen Ihre Leinen nach St\u00e4rke und Griffen oder Lenkschlaufen Ihrer Wahl bestellen, sodass Ihr Drachen R2F (Ready-to-Fly) wird. Sie k\u00f6nnen sich diesen NasaWing auch in der R2F-Version (Ready-to-Fly) ansehen, dann ist er komplett mit Lenkschlaufen und entsprechenden Lenkschn\u00fcren und sofort startbereit!<\/p>\n<p>Wenn Sie bereits \u00fcber Leinen und Zubeh\u00f6r verf\u00fcgen, schauen Sie sich die <strong>Kite-Only<\/strong>-Version dieses Modells an.<\/p>\n<p>Anleitungen im Paket enthalten. Verpackt in einer einfachen Nylon-Aufbewahrungstasche.<\/p>\n<p><strong>Anleitungen<\/strong>:<\/p>\n<p><a href=\"https:\/\/www.wepaflyer.com\/de\/nasawing-by-wepa-instructions-2-2\/\"><img loading=\"lazy\" decoding=\"async\" class=\"alignnone wp-image-27831 size-full\" src=\"https:\/\/www.wepaflyer.com\/wp-content\/uploads\/2025\/02\/NasaWing-by-WEPA-Instructions.2-scaled.jpg\" alt=\"\" width=\"2560\" height=\"1816\" srcset=\"https:\/\/www.wepaflyer.com\/wp-content\/uploads\/2025\/02\/NasaWing-by-WEPA-Instructions.2-scaled.jpg 2560w, https:\/\/www.wepaflyer.com\/wp-content\/uploads\/2025\/02\/NasaWing-by-WEPA-Instructions.2-300x213.jpg 300w, https:\/\/www.wepaflyer.com\/wp-content\/uploads\/2025\/02\/NasaWing-by-WEPA-Instructions.2-1024x726.jpg 1024w, https:\/\/www.wepaflyer.com\/wp-content\/uploads\/2025\/02\/NasaWing-by-WEPA-Instructions.2-600x426.jpg 600w, https:\/\/www.wepaflyer.com\/wp-content\/uploads\/2025\/02\/NasaWing-by-WEPA-Instructions.2-64x45.jpg 64w\" sizes=\"auto, (max-width: 2560px) 100vw, 2560px\" \/><\/a><\/p>\n","protected":false},"excerpt":{"rendered":"<p>DER GANZ BESONDERE UR POWER-KITE, IN VIELEN GR\u00d6\u00dfEN ERH\u00c4LTLICH<\/p>\n","protected":false},"featured_media":19986,"comment_status":"closed","ping_status":"closed","template":"","meta":{"_acf_changed":false},"product_brand":[],"product_cat":[2160,1372],"product_tag":[3632],"class_list":{"0":"post-20829","1":"product","2":"type-product","3":"status-publish","4":"has-post-thumbnail","6":"product_cat-nasa-wing","7":"product_cat-powerkites","8":"product_tag-powerkites","9":"pa_editie-nw-2-0-nasawingrbw-120-de-2","10":"pa_editie-nw-2-0-nasawingrbw-120-r2f-de-2","11":"pa_editie-nw-2-0-nasawingrbw-150-de-2","12":"pa_editie-nw-2-0-nasawingrbw-150-r2f-de-2","13":"pa_editie-nw-2-0-nasawingrbw-170-de-2","14":"pa_editie-nw-2-0-nasawingrbw-170-r2f-de-2","15":"pa_editie-nw-2-0-nasawingrbw-190-de-2","16":"pa_editie-nw-2-0-nasawingrbw-190-r2f-de-2","17":"pa_editie-nw-2-0-nasawingrbw-210-de-2","18":"pa_editie-nw-2-0-nasawingrbw-210-r2f-de-2","19":"pa_editie-nw-2-0-nasawingrbw-230-de-2","20":"pa_editie-nw-2-0-nasawingrbw-230-r2f-de-2","21":"pa_editie-nw-2-0-nasawingrbw-250-de-2","22":"pa_editie-nw-2-0-nasawingrbw-250-r2f-de-2","23":"pa_editie-nw-2-0-nasawingrbw-300-de-2","24":"pa_editie-nw-2-0-nasawingrbw-300-r2f-de-2","25":"pa_editie-nw-2-0-nasawingrbw-350-de-2","26":"pa_editie-nw-2-0-nasawingrbw-350-r2f-de-2","27":"pa_editie-nw-2-0-nasawingrbw-400-de-2","28":"pa_editie-nw-2-0-nasawingrbw-450-de-2","29":"pa_editie-nw-2-0-nasawingrbw-500-de-2","30":"pa_editie-nw-2-0-nasawingrbw-550-de-2","31":"pa_editie-nw-2-0-nasawingrbw-630-de-2","33":"first","34":"instock","35":"sale","36":"taxable","37":"shipping-taxable","38":"purchasable","39":"product-type-variable"},"acf":[],"_links":{"self":[{"href":"https:\/\/www.wepaflyer.com\/de\/wp-json\/wp\/v2\/product\/20829","targetHints":{"allow":["GET"]}}],"collection":[{"href":"https:\/\/www.wepaflyer.com\/de\/wp-json\/wp\/v2\/product"}],"about":[{"href":"https:\/\/www.wepaflyer.com\/de\/wp-json\/wp\/v2\/types\/product"}],"replies":[{"embeddable":true,"href":"https:\/\/www.wepaflyer.com\/de\/wp-json\/wp\/v2\/comments?post=20829"}],"wp:featuredmedia":[{"embeddable":true,"href":"https:\/\/www.wepaflyer.com\/de\/wp-json\/wp\/v2\/media\/19986"}],"wp:attachment":[{"href":"https:\/\/www.wepaflyer.com\/de\/wp-json\/wp\/v2\/media?parent=20829"}],"wp:term":[{"taxonomy":"product_brand","embeddable":true,"href":"https:\/\/www.wepaflyer.com\/de\/wp-json\/wp\/v2\/product_brand?post=20829"},{"taxonomy":"product_cat","embeddable":true,"href":"https:\/\/www.wepaflyer.com\/de\/wp-json\/wp\/v2\/product_cat?post=20829"},{"taxonomy":"product_tag","embeddable":true,"href":"https:\/\/www.wepaflyer.com\/de\/wp-json\/wp\/v2\/product_tag?post=20829"}],"curies":[{"name":"wp","href":"https:\/\/api.w.org\/{rel}","templated":true}]}}