{"id":20828,"date":"2023-12-22T12:22:32","date_gmt":"2023-12-22T11:22:32","guid":{"rendered":"https:\/\/www.wepaflyer.com\/?post_type=product&#038;p=20828"},"modified":"2026-05-04T12:39:50","modified_gmt":"2026-05-04T10:39:50","slug":"mini-drachenring-115","status":"publish","type":"product","link":"https:\/\/www.wepaflyer.com\/de\/produkt\/mini-drachenring-115\/","title":{"rendered":"Mini-Drachenring 115"},"content":{"rendered":"<h2>MINI-KITE-RING 115<\/h2>\n<h3>5 neue Farben; 11,5 cm x 17 mm<\/h3>\n<p>Kleiner Drachenring f\u00fcr kleine (Kinder-)H\u00e4nde. Hier passen alle Garnarten f\u00fcr alle Arten von Kinderdrachen. Kinderliebling.<\/p>\n<p>Erh\u00e4ltlich in den Farben <b>Rot, Gelb, Blau, Gr\u00fcn und Schwarz.<\/b> W\u00e4hlen Sie im Warenkorb die Farbe(n) aus, die Sie bestellen m\u00f6chten.<\/p>\n<p>Aus robustem PE-Material. Der Durchmesser dieses Rings betr\u00e4gt 115 mm und die Breite (Dicke) betr\u00e4gt 17 mm.<\/p>\n<p><span style=\"line-height: 1.5em;\">Dieser Drachenring liegt gut in der Hand und ist leicht zu verstauen.<\/span><\/p>\n<p><b>Mengenrabatte<\/b>; Beim Kauf gr\u00f6\u00dferer Mengen gew\u00e4hren wir folgende Mengenrabatte:<\/p>\n<p>&nbsp;<\/p>\n<ul>\n<li><b>ab 50 St\u00fcck: 5%<\/b><\/li>\n<li><b>ab 100 St\u00fcck: 10%<\/b><\/li>\n<li><b>ab 250 St\u00fcck: 15%<\/b><\/li>\n<li><b>ab 500 St\u00fcck: 20%<\/b><\/li>\n<\/ul>\n<p>Der Mengenrabatt wird direkt im Warenkorb abgerechnet.<\/p>\n<p><b>Hinweis!<\/b>: Wenn f\u00fcr die Bestellung ein Mengenrabatt m\u00f6glich ist und Sie verschiedene Farben kombinieren, geben Sie die Bestellung bitte wie folgt ein:<\/p>\n<p>Geben Sie im Warenkorb bei der Gesamtst\u00fcckzahl eine zuf\u00e4llige Farbe an. Beispiel: Sie bestellen 250 St\u00fcck in Rot. Der Mengenrabatt von 15 % wird sofort abgezogen. Bitte geben Sie im Bestellformular im Feld <b>\u201eBemerkungen\u201c<\/b> die gew\u00fcnschten Farben an, z. B. 5 x 50 St\u00fcck in Rot, Gr\u00fcn, Blau, Schwarz und Gelb.<\/p>\n<p><i><b>Auf diese Weise erhalten Sie den Mengenrabatt und die richtigen Farben!\u00a0<\/b><\/i><\/p>\n","protected":false},"excerpt":{"rendered":"<p>11,5cm x 17mm 5 neue Farben<\/p>\n","protected":false},"featured_media":10580,"comment_status":"closed","ping_status":"closed","template":"","meta":{"_acf_changed":false},"product_brand":[],"product_cat":[1385,2710],"product_tag":[3637],"class_list":{"0":"post-20828","1":"product","2":"type-product","3":"status-publish","4":"has-post-thumbnail","6":"product_cat-drachen-zubehor","7":"product_cat-drachenringe","8":"product_tag-accessoires","9":"pa_breedte-cm-17-de","10":"pa_kleur-blauw-de","11":"pa_kleur-geel-de","12":"pa_kleur-groen-de","13":"pa_kleur-rood-de","14":"pa_kleur-zwart-de","15":"pa_lengte-cm-115-de","17":"first","18":"instock","19":"taxable","20":"shipping-taxable","21":"purchasable","22":"product-type-variable"},"acf":[],"_links":{"self":[{"href":"https:\/\/www.wepaflyer.com\/de\/wp-json\/wp\/v2\/product\/20828","targetHints":{"allow":["GET"]}}],"collection":[{"href":"https:\/\/www.wepaflyer.com\/de\/wp-json\/wp\/v2\/product"}],"about":[{"href":"https:\/\/www.wepaflyer.com\/de\/wp-json\/wp\/v2\/types\/product"}],"replies":[{"embeddable":true,"href":"https:\/\/www.wepaflyer.com\/de\/wp-json\/wp\/v2\/comments?post=20828"}],"wp:featuredmedia":[{"embeddable":true,"href":"https:\/\/www.wepaflyer.com\/de\/wp-json\/wp\/v2\/media\/10580"}],"wp:attachment":[{"href":"https:\/\/www.wepaflyer.com\/de\/wp-json\/wp\/v2\/media?parent=20828"}],"wp:term":[{"taxonomy":"product_brand","embeddable":true,"href":"https:\/\/www.wepaflyer.com\/de\/wp-json\/wp\/v2\/product_brand?post=20828"},{"taxonomy":"product_cat","embeddable":true,"href":"https:\/\/www.wepaflyer.com\/de\/wp-json\/wp\/v2\/product_cat?post=20828"},{"taxonomy":"product_tag","embeddable":true,"href":"https:\/\/www.wepaflyer.com\/de\/wp-json\/wp\/v2\/product_tag?post=20828"}],"curies":[{"name":"wp","href":"https:\/\/api.w.org\/{rel}","templated":true}]}}