{"id":20827,"date":"2023-12-22T12:22:28","date_gmt":"2023-12-22T11:22:28","guid":{"rendered":"https:\/\/www.wepaflyer.com\/?post_type=product&#038;p=20827"},"modified":"2026-04-06T11:12:24","modified_gmt":"2026-04-06T09:12:24","slug":"mirai-70d","status":"publish","type":"product","link":"https:\/\/www.wepaflyer.com\/de\/produkt\/mirai-70d\/","title":{"rendered":"MIRAI 70D"},"content":{"rendered":"<h3>MIRAI: Ripstop-Nylontuch 70D | NUR WEISS<\/h3>\n<h5>PRO LAUFENDER METER | 55 g\/m\u00b2 \u2013 150 cm. | Nur in WEISS<\/h5>\n<p>Das Mirai (das japanische Wort f\u00fcr \u201eZukunft\u201c) 70D ist ein mittelschweres Spinnakertuch von ausgezeichneter Qualit\u00e4t mit einem effektiven Nettogewicht von ca. 55 g\/m\u00b2. Die Stoffbreite betr\u00e4gt 150cm.<\/p>\n<p>Es eignet sich sehr gut f\u00fcr den Bau von Drachen aller Art, insbesondere von H\u00e4ngegleitern, Parafoils und auch Einleinerdrachen. Dar\u00fcber hinaus wird das Mirai-Tuch auch f\u00fcr viele andere Zwecke verwendet, darunter Skytubes, Schlauchboote, Banner und Boden- und Kunstobjekte.<\/p>\n<p>Sie k\u00f6nnen diese Tuch pro Meter bestellen, mit einer Mindestbestellmenge von nur 1 Meter! Wir schneiden von gro\u00dfen Rollen zu!\u00a0<strong>Und weil wir zuschneiden, nehmen wir das Tuch nicht zur\u00fcck!<\/strong><\/p>\n<p><b>Eigenschaften des MIRAI Ripstop Nylon-Tuchs sind:<\/b><\/p>\n<ul>\n<li><b>Leichtes Gewicht<\/b><\/li>\n<li><b>Gute Luftundurchl\u00e4ssigkeit<\/b><\/li>\n<li><b>Mittlere bis geringe Dehnung<\/b><\/li>\n<li><b>Hohe Bruchfestigkeit<\/b><\/li>\n<li><b>Hohe UV-Best\u00e4ndigkeit<\/b><\/li>\n<li><b>Einseitige PU (PolyUrethan)-Beschichtung; doppelseitiges WR<\/b><\/li>\n<li><b>Hohe Wasserabweisung<\/b><\/li>\n<li><b>Nicht feuerhemmend<\/b><\/li>\n<\/ul>\n<div><b>BITTE BEACHTEN!: Dies ist ein Angebotspreis f\u00fcr einen Auslaufartikel. WEG = WEG!\u00a0<\/b><\/div>\n<div><b>Nur in WEISS erh\u00e4ltlich!<\/b><\/div>\n","protected":false},"excerpt":{"rendered":"<p>PRO LAUFENDER METER | 55 g\/m\u00b2 \u2013 150 cm. | Nur in WEISS<\/p>\n","protected":false},"featured_media":19982,"comment_status":"closed","ping_status":"closed","template":"","meta":{"_acf_changed":false},"product_brand":[],"product_cat":[1385,2154,1348,2157,1384],"product_tag":[],"class_list":{"0":"post-20827","1":"product","2":"type-product","3":"status-publish","4":"has-post-thumbnail","6":"product_cat-drachen-zubehor","7":"product_cat-drachentuch","8":"product_cat-marken","9":"product_cat-mirai","10":"product_cat-sale","11":"pa_kleur-wit-de","13":"first","14":"instock","15":"sale","16":"taxable","17":"shipping-taxable","18":"purchasable","19":"product-type-simple"},"acf":[],"_links":{"self":[{"href":"https:\/\/www.wepaflyer.com\/de\/wp-json\/wp\/v2\/product\/20827","targetHints":{"allow":["GET"]}}],"collection":[{"href":"https:\/\/www.wepaflyer.com\/de\/wp-json\/wp\/v2\/product"}],"about":[{"href":"https:\/\/www.wepaflyer.com\/de\/wp-json\/wp\/v2\/types\/product"}],"replies":[{"embeddable":true,"href":"https:\/\/www.wepaflyer.com\/de\/wp-json\/wp\/v2\/comments?post=20827"}],"wp:featuredmedia":[{"embeddable":true,"href":"https:\/\/www.wepaflyer.com\/de\/wp-json\/wp\/v2\/media\/19982"}],"wp:attachment":[{"href":"https:\/\/www.wepaflyer.com\/de\/wp-json\/wp\/v2\/media?parent=20827"}],"wp:term":[{"taxonomy":"product_brand","embeddable":true,"href":"https:\/\/www.wepaflyer.com\/de\/wp-json\/wp\/v2\/product_brand?post=20827"},{"taxonomy":"product_cat","embeddable":true,"href":"https:\/\/www.wepaflyer.com\/de\/wp-json\/wp\/v2\/product_cat?post=20827"},{"taxonomy":"product_tag","embeddable":true,"href":"https:\/\/www.wepaflyer.com\/de\/wp-json\/wp\/v2\/product_tag?post=20827"}],"curies":[{"name":"wp","href":"https:\/\/api.w.org\/{rel}","templated":true}]}}