{"id":20826,"date":"2023-12-22T12:22:24","date_gmt":"2023-12-22T11:22:24","guid":{"rendered":"https:\/\/www.wepaflyer.com\/?post_type=product&#038;p=20826"},"modified":"2026-04-06T11:11:38","modified_gmt":"2026-04-06T09:11:38","slug":"mirai-40d","status":"publish","type":"product","link":"https:\/\/www.wepaflyer.com\/de\/produkt\/mirai-40d\/","title":{"rendered":"MIRAI 40D"},"content":{"rendered":"<h3>MIRAI: Ripstop-Nylontuch 40D<\/h3>\n<h5>PRO LAUFENDER METER | 48 g\/m\u00b2 | 150 cm.<\/h5>\n<p>Das Mirai (das japanische Wort f\u00fcr \u201eZukunft\u201c) 40D ist ein mittelschweres Spinnakertuch von ausgezeichneter Qualit\u00e4t mit einem effektiven Nettogewicht von ca. 48 g\/m\u00b2. Die Stoffbreite betr\u00e4gt 150cm.<\/p>\n<p><strong><em>Mengenrabatte f\u00fcr Eink\u00e4ufe ab 10 Metern finden Sie unten auf dieser Seite.<\/em><\/strong><\/p>\n<p>Es eignet sich sehr gut f\u00fcr den Bau von Drachen aller Art, insbesondere von H\u00e4ngegleitern, Parafoils und auch Einleinerdrachen. Dar\u00fcber hinaus wird das Mirai-Tuch auch f\u00fcr viele andere Zwecke verwendet, darunter Skytubes, Inflatables, Banner und Boden- und Kunstobjekte.<\/p>\n<p>Sie k\u00f6nnen diese Tuch pro Meter bestellen, mit einer Mindestbestellmenge von nur 1 Meter! Wir schneiden von gro\u00dfen Rollen zu!\u00a0<strong>Und weil wir zuschneiden, nehmen wir das Tuch nicht zur\u00fcck!<\/strong><\/p>\n<p><b>Eigenschaften des MIRAI Ripstop Nylon-Tuchs sind:<\/b><\/p>\n<ul>\n<li><b>Leichtes Gewicht<\/b><\/li>\n<li><b>Gute Luftundurchl\u00e4ssigkeit<\/b><\/li>\n<li><b>Mittlere bis geringe Dehnung<\/b><\/li>\n<li><b>Hohe Bruchfestigkeit<\/b><\/li>\n<li><b>Hohe UV-Best\u00e4ndigkeit<\/b><\/li>\n<li><b>Einseitige PU (PolyUrethan)-Beschichtung; doppelseitiges WR<\/b><\/li>\n<li><b>Hohe Wasserabweisung<\/b><\/li>\n<li><b>Nicht feuerhemmend<\/b><\/li>\n<\/ul>\n<div><b>Technische Werksdetails:<\/b><\/div>\n<div><\/div>\n<div>\n<ul>\n<li><b>Material\u00a0 \u2013 Ripstop-Nylon<\/b><\/li>\n<li><b>Nylontyp \u2013 40Dernier Nylon 6<\/b><\/li>\n<li><b>Beschichtung\u00a0 \u2013 Einseitiges Polyurethan<\/b><\/li>\n<li><b>Gewicht\u00a0 \u2013\u00a0 48 g\/m\u00b2<\/b><\/li>\n<li><b>Breite\u00a0&#8211;\u00a0 150 cm<\/b><\/li>\n<li><b>Rei\u00dffestigkeit\u00a0 \u2013 Kette 2,3\u00a0\/F\u00fcllung 2,4 kg<\/b><\/li>\n<li><b>Bruchfestigkeit \u2013 Kette 49\u00a0 \/ F\u00fcllung 46 kg\/5 cm<\/b><\/li>\n<li><b>Bruchdehnung \u2013 Kette 36 \/ F\u00fcllung 36 %\/5 cm<\/b><\/li>\n<li><b>Luftdurchl\u00e4ssigkeit\u00a0 \u2013\u00a0 0,1 cc\/cm\u00b2\/s<\/b><\/li>\n<\/ul>\n<\/div>\n<div>\n<p>Erh\u00e4ltlich in vielen Farben gem\u00e4\u00df der Farbnummernliste unten, die auch die Farbbeschreibung enth\u00e4lt. Zwischen (Klammern) die Nummer der Werksfarbe.<\/p>\n<\/div>\n<p><b>Farbnummern\/Farben\/Mustersatz:<\/b><\/p>\n<ul>\n<li><b>01 Schwarz\/Schwarz\u00a0 (DNMI0001)<\/b><\/li>\n<li><b>02 Wei\u00df\/Wei\u00df\u00a0 (DNMI0002)<\/b><\/li>\n<li><b>03 Hellgrau\/Hellgrau (DNMI0021)<\/b><\/li>\n<li><b>04 Grau\/Grau\u00a0 (DNMI0007)<\/b><\/li>\n<li><b>05 Dunkelgrau\/Dunkelgrau (DNMI0010)<\/b><\/li>\n<li><b>06 Gelb\/Gelb\u00a0 (DNMI0004)<\/b><\/li>\n<li><b>07 Gold\/Gold\u00a0(DNMI0013)<\/b><\/li>\n<li><b>08 Orange\/Orange\u00a0(DNMI0008)<\/b><\/li>\n<li><b>09 Rot\/Rot\u00a0(DNMI0019)<\/b><\/li>\n<li><b>10 Weinrot\/Weinrot\u00a0(DNMI0018)<\/b><\/li>\n<li><b>11 Rosa\/Rosa\u00a0 (DNMI0023)<\/b><\/li>\n<li><b>12 Dunkelrosa\/Dunkelrosa\u00a0 (DNMI0024)<\/b><\/li>\n<li><b>13 Lila\/Lila\u00a0 (DNMI0009)<\/b><\/li>\n<li><b>14 Limette\/Limette\u00a0(DNMI0015)<\/b><\/li>\n<li><b>15 Gr\u00fcn\/Gr\u00fcn\u00a0 (DNMI0012)<\/b><\/li>\n<li><b>16 Meeresblau\/Seeblau\u00a0 (DNMI0025)<\/b><\/li>\n<li><b>17 Blaugr\u00fcn\/Blaugr\u00fcn\u00a0 (DNMI0026)<\/b><\/li>\n<li><b>18 Aquablau\/Aquablau\u00a0 (DNMI0016)<\/b><\/li>\n<li><b>19 Hellblau\/Hellblau\u00a0 (DNMI0006)<\/b><\/li>\n<li><b>20 K\u00f6nigsblau\/K\u00f6nigsblau\u00a0 (DNMI0011)<\/b><\/li>\n<li><b>21 Mitternachtsblau\/Mitternachtsblau\u00a0 (DNMI0017)<\/b><\/li>\n<\/ul>\n<p><b>Mengenrabatte<\/b>; Beim Kauf gr\u00f6\u00dferer Mengen gew\u00e4hren wir folgende Mengenrabatte:<\/p>\n<ul>\n<li><b>ab 10 Metern: 5 %<\/b><\/li>\n<li><b>ab 25 Metern: 7,5 %<\/b><\/li>\n<li><b>ab 50 Metern: 10 %<\/b><\/li>\n<li><b>ab 100 Metern: 15 %<\/b><\/li>\n<li><b>ab 250 Metern: 20 %<\/b><\/li>\n<li><b>ab 500 Metern: 25 %<\/b><\/li>\n<\/ul>\n<p>Die Mengenrabatte gelten f\u00fcr einen Gesamtkauf der angegebenen Meterzahl und der Rabatt wird direkt im Warenkorb abgezogen.<\/p>\n","protected":false},"excerpt":{"rendered":"<p>PRO LAUFENDER METER | 48 g\/m\u00b2 | 150 cm.<\/p>\n","protected":false},"featured_media":19968,"comment_status":"closed","ping_status":"closed","template":"","meta":{"_acf_changed":false},"product_brand":[],"product_cat":[1385,2154,1348,2157],"product_tag":[],"class_list":{"0":"post-20826","1":"product","2":"type-product","3":"status-publish","4":"has-post-thumbnail","6":"product_cat-drachen-zubehor","7":"product_cat-drachentuch","8":"product_cat-marken","9":"product_cat-mirai","10":"pa_kleur-01-zwart-black-schwarz-de","11":"pa_kleur-02-wit-white-weis-de","12":"pa_kleur-03-lichtgrijs-lightgrey-hellgrau-de","13":"pa_kleur-04-grijs-grey-grau-de","14":"pa_kleur-05-donkergrijs-darkgrey-dunkelgrau-de","15":"pa_kleur-06-geel-yellow-gelb-de","16":"pa_kleur-07-gold-goud-gold-de","17":"pa_kleur-08-orange-oranje-orange-de","18":"pa_kleur-09-rood-red-rot-de","19":"pa_kleur-10-wijnrood-winered-weinrot-de","20":"pa_kleur-11-roze-pink-rosa-de","21":"pa_kleur-12-donkerroze-darkpink-dunkelrosa-de","22":"pa_kleur-13-paars-purple-purper-de","23":"pa_kleur-14-limoen-lime-limone-de","24":"pa_kleur-15-groen-green-grun-de","25":"pa_kleur-16-zeeblauw-seablue-seeblau-de","26":"pa_kleur-17-blauwgroen-teal-blaugrun-de","27":"pa_kleur-18-aquablauw-aquablue-aquablau-de","28":"pa_kleur-19-lichtblau-lightblue-hellblau-de","29":"pa_kleur-20-royalblauw-royalblue-royalblauw-de","30":"pa_kleur-21-midnightblauw-midnightblue-midnightblau-de","32":"first","33":"instock","34":"taxable","35":"shipping-taxable","36":"purchasable","37":"product-type-variable"},"acf":[],"_links":{"self":[{"href":"https:\/\/www.wepaflyer.com\/de\/wp-json\/wp\/v2\/product\/20826","targetHints":{"allow":["GET"]}}],"collection":[{"href":"https:\/\/www.wepaflyer.com\/de\/wp-json\/wp\/v2\/product"}],"about":[{"href":"https:\/\/www.wepaflyer.com\/de\/wp-json\/wp\/v2\/types\/product"}],"replies":[{"embeddable":true,"href":"https:\/\/www.wepaflyer.com\/de\/wp-json\/wp\/v2\/comments?post=20826"}],"wp:featuredmedia":[{"embeddable":true,"href":"https:\/\/www.wepaflyer.com\/de\/wp-json\/wp\/v2\/media\/19968"}],"wp:attachment":[{"href":"https:\/\/www.wepaflyer.com\/de\/wp-json\/wp\/v2\/media?parent=20826"}],"wp:term":[{"taxonomy":"product_brand","embeddable":true,"href":"https:\/\/www.wepaflyer.com\/de\/wp-json\/wp\/v2\/product_brand?post=20826"},{"taxonomy":"product_cat","embeddable":true,"href":"https:\/\/www.wepaflyer.com\/de\/wp-json\/wp\/v2\/product_cat?post=20826"},{"taxonomy":"product_tag","embeddable":true,"href":"https:\/\/www.wepaflyer.com\/de\/wp-json\/wp\/v2\/product_tag?post=20826"}],"curies":[{"name":"wp","href":"https:\/\/api.w.org\/{rel}","templated":true}]}}