{"id":20794,"date":"2023-12-22T12:22:02","date_gmt":"2023-12-22T11:22:02","guid":{"rendered":"https:\/\/www.wepaflyer.com\/?post_type=product&#038;p=20794"},"modified":"2026-05-04T15:55:44","modified_gmt":"2026-05-04T13:55:44","slug":"chitex-40d","status":"publish","type":"product","link":"https:\/\/www.wepaflyer.com\/de\/produkt\/chitex-40d\/","title":{"rendered":"CHITEX 40D"},"content":{"rendered":"<h3>CHITEX: Ripstop-Nylontuch 40D<\/h3>\n<h5>PRO LAUFENDER METER | 40 g\/m\u00b2 | 150 cm<\/h5>\n<p>Bei uns k\u00f6nnen Sie aus zwei Qualit\u00e4ten des <strong>Chitex<\/strong> Spinnakertuchs (Ripstop Nylon) w\u00e4hlen, n\u00e4mlich <strong>Chitex 40D<\/strong> und <strong>Chitex 70D<\/strong>. Diese Qualit\u00e4ten werden nur in 1A-Qualit\u00e4t geliefert, also keine 2. Wahl oder Reste einer \u00dcberproduktion.<\/p>\n<p><strong><em>Mengenrabatte f\u00fcr Eink\u00e4ufe ab 10 Metern finden Sie unten auf dieser Seite.<\/em><\/strong><\/p>\n<p>Das <strong>Chitex 40D<\/strong> ist ein leichtes Spinnakertuch von ausgezeichneter Qualit\u00e4t mit einem effektiven Nettogewicht von ca. 40 g\/m\u00b2. Es eignet sich sehr gut f\u00fcr den Bau aller Arten von Drachen, insbesondere von leichten Modellen wie Trickdrachen, Parafoils und auch Einleinerdrachen. Dar\u00fcber hinaus wird dieses Spinnakertuch auch f\u00fcr viele andere Zwecke verwendet, unter anderem als Bettlaken, f\u00fcr Taschen und als Kunstobjekt.<\/p>\n<p>Sie k\u00f6nnen diese Tuch pro Meter bestellen, mit einer Mindestbestellmenge von nur 1 Meter! Wir schneiden von gro\u00dfen Rollen zu!\u00a0<strong>Und weil wir zuschneiden, nehmen wir das Tuch nicht zur\u00fcck!<\/strong><\/p>\n<p><strong>Chitex 40D eignet sich besonders gut f\u00fcr Blow-Ups und Inflatables.<\/strong><\/p>\n<p>Wenn Sie eine Bestellung aufgeben, w\u00e4hlen Sie im Warenkorb die entsprechende Farbnummer bzw. Wunschfarbe; Geben Sie dort auch die gew\u00fcnschte Meterzahl an.<\/p>\n<p>Erh\u00e4ltlich in vielen Farben gem\u00e4\u00df der Farbnummernliste unten, die auch die Farbbeschreibung enth\u00e4lt.<\/p>\n<p><strong>Farbnummern\/Farben:<\/strong><\/p>\n<ul>\n<li><strong>01 Wei\u00df\/Wei\u00df<\/strong><\/li>\n<li><strong>02 Grau\/Grau<\/strong><\/li>\n<li><strong>03 Anthrazit\/K\u00fchles Grau<\/strong><\/li>\n<li><strong>04 Schwarz\/Schwarz<\/strong><\/li>\n<li><strong>05 Neonpink\/Fluopink<\/strong><\/li>\n<li><strong>06 Neonorange\/Fluororange<\/strong><\/li>\n<li><strong>07 Neongelb\/Fluogelb<\/strong><\/li>\n<li><strong>08 Neongr\u00fcn\/Fluogr\u00fcn<\/strong><\/li>\n<li><strong>09 Processblue\/Processblue<\/strong><\/li>\n<li><strong>10 K\u00f6nigsblau\/K\u00f6nigsblau<\/strong><\/li>\n<li><strong>11 Dunkelblau\/Dunkelblau<\/strong><\/li>\n<li><strong>12 Apfelgr\u00fcn\/Apfelgr\u00fcn<\/strong><\/li>\n<li><strong>13 Gr\u00fcn\/Gr\u00fcn<\/strong><\/li>\n<li><strong>14 Orange\/Orange<\/strong><\/li>\n<li><strong>15 Warmred\/Warmred<\/strong><\/li>\n<li><strong>16 Rot\/Rot<\/strong><\/li>\n<li><strong>17 Mitternachtsblau\/Mitternachtsblau<\/strong><\/li>\n<li><strong>18 Lila\/Lila<\/strong><\/li>\n<li><strong>19 Dunkelviolett<\/strong><\/li>\n<li><strong>20 Gelb\/Gelb<\/strong><\/li>\n<li><strong>21 Goldgelb\/Goldgelb<\/strong><\/li>\n<li><strong>22 Hautfarbe\/Haut<\/strong><\/li>\n<li><strong><u>23 Dunkelbraun\/Dunkelbraun\/Dunkelbraun | NEUE FARBE seit Juli 2024<\/u><\/strong><u><\/u><\/li>\n<\/ul>\n<p><strong>Mengenrabatte; <\/strong>Beim Kauf gr\u00f6\u00dferer Mengen gew\u00e4hren wir folgende Mengenrabatte:<\/p>\n<ul>\n<li><strong>ab 10 Metern: 5%<\/strong><\/li>\n<li><strong>ab 25 Metern: 7,5 %<\/strong><\/li>\n<li><strong>ab 50 Metern: 10 %<\/strong><\/li>\n<li><strong>ab 100 Metern: 15 %<\/strong><\/li>\n<li><strong>ab 250 Metern: 20 %<\/strong><\/li>\n<li><strong>ab 500 Metern: 25 %<\/strong><\/li>\n<\/ul>\n<p>Die Mengenrabatte gelten f\u00fcr einen Gesamtkauf der angegebenen Meterzahl und der Rabatt wird direkt im Warenkorb abgezogen.<\/p>\n","protected":false},"excerpt":{"rendered":"<p>PRO LAUFENDER METER | 40 g\/m\u00b2 | 150 cm<\/p>\n","protected":false},"featured_media":19932,"comment_status":"closed","ping_status":"closed","template":"","meta":{"_acf_changed":false},"product_brand":[],"product_cat":[2155,1385,2154,1348],"product_tag":[3635],"class_list":{"0":"post-20794","1":"product","2":"type-product","3":"status-publish","4":"has-post-thumbnail","6":"product_cat-chitex","7":"product_cat-drachen-zubehor","8":"product_cat-drachentuch","9":"product_cat-marken","10":"product_tag-vliegerdoek","11":"pa_kleur-01-wit-weis-white-de","12":"pa_kleur-02-grijs-grey-grau-de","13":"pa_kleur-03-antraciet-anthrazit-anthracite-de","14":"pa_kleur-04-zwart-black-schwarz-de","15":"pa_kleur-05-neonpink-fluopink-leuchtpink-de","16":"pa_kleur-06-neonoranje-fluoorange-leuchtorange-de","17":"pa_kleur-07-neongeel-fluoyellow-leuchtgelb-de","18":"pa_kleur-08-neongroen-fluogreen-leuchtgrun-de","19":"pa_kleur-09-processblauw-processblue-prozessblau-de","20":"pa_kleur-10-royalblauw-royalblau-royalblue-de","21":"pa_kleur-11-donkerblauw-darkblue-dunkelblau-de","22":"pa_kleur-12-appelgroen-applegreen-apfelgrun-de","23":"pa_kleur-13-groen-green-grun-de","24":"pa_kleur-14-oranje-orange-orange-de","25":"pa_kleur-15-warmrood-warmred-warmrot-de","26":"pa_kleur-16-rood-red-rot-de","27":"pa_kleur-17-midnightblauw-midnightblue-midnightblau-de","28":"pa_kleur-18-paars-purple-purper-de","29":"pa_kleur-19-donkerpaars-darkpurple-dunkelpurper-de","30":"pa_kleur-20-geel-yellow-gelb-de","31":"pa_kleur-21-goudgeel-goldyellow-goldgelb-de","32":"pa_kleur-22-huidkleur-skin-hautfarbe-de","33":"pa_kleur-23-donkerbruin-darkbrown-dunkelbraun-de","35":"first","36":"instock","37":"taxable","38":"shipping-taxable","39":"purchasable","40":"product-type-variable"},"acf":[],"_links":{"self":[{"href":"https:\/\/www.wepaflyer.com\/de\/wp-json\/wp\/v2\/product\/20794","targetHints":{"allow":["GET"]}}],"collection":[{"href":"https:\/\/www.wepaflyer.com\/de\/wp-json\/wp\/v2\/product"}],"about":[{"href":"https:\/\/www.wepaflyer.com\/de\/wp-json\/wp\/v2\/types\/product"}],"replies":[{"embeddable":true,"href":"https:\/\/www.wepaflyer.com\/de\/wp-json\/wp\/v2\/comments?post=20794"}],"wp:featuredmedia":[{"embeddable":true,"href":"https:\/\/www.wepaflyer.com\/de\/wp-json\/wp\/v2\/media\/19932"}],"wp:attachment":[{"href":"https:\/\/www.wepaflyer.com\/de\/wp-json\/wp\/v2\/media?parent=20794"}],"wp:term":[{"taxonomy":"product_brand","embeddable":true,"href":"https:\/\/www.wepaflyer.com\/de\/wp-json\/wp\/v2\/product_brand?post=20794"},{"taxonomy":"product_cat","embeddable":true,"href":"https:\/\/www.wepaflyer.com\/de\/wp-json\/wp\/v2\/product_cat?post=20794"},{"taxonomy":"product_tag","embeddable":true,"href":"https:\/\/www.wepaflyer.com\/de\/wp-json\/wp\/v2\/product_tag?post=20794"}],"curies":[{"name":"wp","href":"https:\/\/api.w.org\/{rel}","templated":true}]}}