{"id":20793,"date":"2023-12-22T12:21:53","date_gmt":"2023-12-22T11:21:53","guid":{"rendered":"https:\/\/www.wepaflyer.com\/?post_type=product&#038;p=20793"},"modified":"2026-01-21T13:05:37","modified_gmt":"2026-01-21T12:05:37","slug":"chikara-30d","status":"publish","type":"product","link":"https:\/\/www.wepaflyer.com\/de\/produkt\/chikara-30d\/","title":{"rendered":"CHIKARA 30D"},"content":{"rendered":"<h3>CHIKARA: Ripstop-Nylontuch 30D<\/h3>\n<h5>PRO LAUFENDER METER | 41 g\/m\u00b2 | 150 cm. | ACHTUNG! CHIKARA WEI\u00df ab Anfang Mai wieder lieferbar!<\/h5>\n<p>Das Chikara (das japanische Wort f\u00fcr \u201eKraft\u201c) 30D ist ein leichtes Spinnakertuch von ausgezeichneter Qualit\u00e4t mit einem effektiven Nettogewicht von ca. 41 g\/m\u00b2. Die Stoffbreite betr\u00e4gt 155cm.<\/p>\n<p><strong><em>Mengenrabatte f\u00fcr Bestellungen ab 10 Metern finden Sie unten auf dieser Seite.<\/em><\/strong><\/p>\n<p>Das Chikara ist flexibel und eignet sich sehr gut f\u00fcr die Herstellung aller Arten von Drachen, insbesondere Lenkmatten, Parafoils, Speedwings und auch aufblasbare 1-Leiner. Dar\u00fcber hinaus wird das Chikara-Tuch auch f\u00fcr viele andere Zwecke verwendet, unter anderem f\u00fcr Skytubes, Inflatables, Gleitschirme, Banner und Bodenobjekte.<\/p>\n<p>Sie k\u00f6nnen diese Tuch pro Meter bestellen, mit einer Mindestbestellmenge von nur 1 Meter! Wir schneiden von gro\u00dfen Rollen zu!\u00a0<strong>Und weil wir zuschneiden, nehmen wir das Tuch nicht zur\u00fcck!<\/strong><\/p>\n<p><b>Eigenschaften des CHIKARA Ripstop Nylon-Tuchs sind:<\/b><\/p>\n<ul>\n<li><b>Leichtes Gewicht<\/b><\/li>\n<li><b>Sehr gute Luftundurchl\u00e4ssigkeit<\/b><\/li>\n<li><b>Geringe Dehnung<\/b><\/li>\n<li><b>Sehr hohe Bruchfestigkeit<\/b><\/li>\n<li><b>Sehr hohe UV-Best\u00e4ndigkeit<\/b><\/li>\n<li><b>Doppelseitige PU-Beschichtung (PolyUrethan); doppelseitiges WR<\/b><\/li>\n<li><b>Sehr hohe Wasserabweisung<\/b><\/li>\n<li><b>Nicht feuerhemmend<\/b><\/li>\n<\/ul>\n<div>\n<p><b>Technische Details, Werksangaben:<\/b><\/p>\n<ul>\n<li><b>Material \u2013 Ripstop-Nylon<\/b><\/li>\n<li><b>Nylontyp \u2013 30Dernier Nylon 6.6<\/b><\/li>\n<li><b>Beschichtung \u2013 doppelseitiges Polyurethan<\/b><\/li>\n<li><b>Gewicht \u2013 41 g\/m<\/b><\/li>\n<li><b>Breite \u2013 155 cm<\/b><\/li>\n<li><b>Rei\u00dffestigkeit \u2013 Kette 5,0 \/ F\u00fcllung 5,0 kg<\/b><\/li>\n<li><b>Bruchfestigkeit \u2013 Kette 40 \/ F\u00fcllung 36,1 kg\/5 cm<\/b><\/li>\n<li><b>Bruchdehnung \u2013 Kette 49,3 \/ F\u00fcllung 51,2 %\/5 cm<\/b><\/li>\n<li><b>Luftdurchl\u00e4ssigkeit \u2013 0,03 cc\/cm\u00b2\/s<\/b><\/li>\n<\/ul>\n<\/div>\n<p>Erh\u00e4ltlich in vielen Farben gem\u00e4\u00df der Farbnummernliste unten, wobei auch die Farbbeschreibung angegeben ist. Zwischen (Klammern) die Werks-Farbnummern.<\/p>\n<p><b>Farbnummern\/Farben\/Mustersatz:<\/b><\/p>\n<ul>\n<li><b>01 Wei\u00df\/White\u00a0 (DNCH0001)<\/b><\/li>\n<li><b>02 Fluorgelb\/Fluoryellow (DNCH0002)<\/b><\/li>\n<li><b>03 Fluororange\/Fluororange (DNCH0003)<\/b><\/li>\n<li><b>04 Fluor Pink\/Fluor Pink\u00a0(DNCH0004)<\/b><\/li>\n<li><b>05 Fluorgr\u00fcn\/Fluorgr\u00fcn\u00a0 (DNCH0005)<\/b><\/li>\n<li><b>06 Schwarz\/Black\u00a0 (DNCH0006)<\/b><\/li>\n<li><b>07 Dunkelgrau\/Dark Grey\u00a0 (DNCH0007)<\/b><\/li>\n<li><b>08 Meeresblau\/Seablue\u00a0 (DNCH0009)<\/b><\/li>\n<li><b>09 K\u00f6nigsblau\/Royalblue\u00a0 (DNCH0010)<\/b><\/li>\n<li><b>10 Mitternachtsblau\/Midnight Blue\u00a0 (DNCH0011)<\/b><\/li>\n<li><b>11 Gelb\/Yellow\u00a0 (DNCH0012)<\/b><\/li>\n<li><b>12 Gold\/Gold\u00a0(DNCH0013)<\/b><\/li>\n<li><b>13 Orange\/Orange\u00a0(DNCH0014)<\/b><\/li>\n<li><b>14 Rot\/Red (DNCH0015)<\/b><\/li>\n<li><b>15 Lila\/Purple\u00a0 (DNCH0019)<\/b><\/li>\n<li><b>16 Gr\u00fcn\/Green\u00a0 (DNCH0020)<\/b><\/li>\n<li><b>17 Hautfarbe\/Skin\u00a0 (DNCH0023)<\/b><\/li>\n<li><b>18 Waldgr\u00fcn\/Forest Green\u00a0 (DNCH0024)<\/b><\/li>\n<li><b>19 Hellgrau\/Light Grey (DNCH0008)<\/b><\/li>\n<li><b>20 Ziegelrot\/Brick Red (DNCH0016)<\/b><\/li>\n<\/ul>\n<p><b>Mengenrabatte<\/b>; Beim Kauf gr\u00f6\u00dferer Mengen gew\u00e4hren wir folgende Mengenrabatte:<\/p>\n<ul>\n<li><b>ab 10 Metern: 5 %<\/b><\/li>\n<li><b>ab 25 Metern: 7,5 %<\/b><\/li>\n<li><b>ab 50 Metern: 10 %<\/b><\/li>\n<li><b>ab 100 Metern: 15 %<\/b><\/li>\n<li><b>ab 250 Metern: 20 %<\/b><\/li>\n<li><b>ab 500 Metern: 25 %<\/b><\/li>\n<\/ul>\n<p>Die Mengenrabatte gelten f\u00fcr einen Gesamtkauf der angegebenen Meterzahl und der Rabatt wird direkt im Warenkorb abgezogen.<\/p>\n","protected":false},"excerpt":{"rendered":"<p>PRO LAUFENDER METER | 41 g\/m\u00b2 | 150 cm. | ACHTUNG! CHIKARA WEI\u00df ab Anfang Mai wieder lieferbar!<\/p>\n","protected":false},"featured_media":19918,"comment_status":"closed","ping_status":"closed","template":"","meta":{"_acf_changed":false},"product_brand":[],"product_cat":[2153,1385,2154,1348],"product_tag":[],"class_list":{"0":"post-20793","1":"product","2":"type-product","3":"status-publish","4":"has-post-thumbnail","6":"product_cat-chikara","7":"product_cat-drachen-zubehor","8":"product_cat-drachentuch","9":"product_cat-marken","10":"pa_kleur-01-wit-white-weis-de","11":"pa_kleur-02-fluorgeel-fluoyellow-leuchtgelb-de","12":"pa_kleur-03-fluororanje-fluoorange-leuchtorange-de","13":"pa_kleur-04-fluorpink-fluopink-leuchtpink-de","14":"pa_kleur-05-fluorgroen-fluogreen-leuchtgrun-de","15":"pa_kleur-06-zwart-black-schwarz-de","16":"pa_kleur-07-donkergrijs-darkgrey-dunkelgrau-de","17":"pa_kleur-08-zeeblauw-seablue-seeblau-de","18":"pa_kleur-09-royalblauw-royalblue-royalblau-de","19":"pa_kleur-10-midnightblauw-midnightblue-midnightblau-de","20":"pa_kleur-11-geel-yellow-gelb-de","21":"pa_kleur-12-goud-gold-gold-de","22":"pa_kleur-13-oranje-orange-orange-de","23":"pa_kleur-14-rood-red-rot-de","24":"pa_kleur-15-paars-purple-purper-de","25":"pa_kleur-16-groen-green-grun-de","26":"pa_kleur-17-huidkleur-skin-hautfarbe-de","27":"pa_kleur-18-bosgroen-forestgreen-waldgrun-de","28":"pa_kleur-19-lichtgrijs-lightgrey-hellgrau-de","29":"pa_kleur-20-baksteenrood-brickred-steinrot-de","31":"first","32":"instock","33":"taxable","34":"shipping-taxable","35":"purchasable","36":"product-type-variable"},"acf":[],"_links":{"self":[{"href":"https:\/\/www.wepaflyer.com\/de\/wp-json\/wp\/v2\/product\/20793","targetHints":{"allow":["GET"]}}],"collection":[{"href":"https:\/\/www.wepaflyer.com\/de\/wp-json\/wp\/v2\/product"}],"about":[{"href":"https:\/\/www.wepaflyer.com\/de\/wp-json\/wp\/v2\/types\/product"}],"replies":[{"embeddable":true,"href":"https:\/\/www.wepaflyer.com\/de\/wp-json\/wp\/v2\/comments?post=20793"}],"wp:featuredmedia":[{"embeddable":true,"href":"https:\/\/www.wepaflyer.com\/de\/wp-json\/wp\/v2\/media\/19918"}],"wp:attachment":[{"href":"https:\/\/www.wepaflyer.com\/de\/wp-json\/wp\/v2\/media?parent=20793"}],"wp:term":[{"taxonomy":"product_brand","embeddable":true,"href":"https:\/\/www.wepaflyer.com\/de\/wp-json\/wp\/v2\/product_brand?post=20793"},{"taxonomy":"product_cat","embeddable":true,"href":"https:\/\/www.wepaflyer.com\/de\/wp-json\/wp\/v2\/product_cat?post=20793"},{"taxonomy":"product_tag","embeddable":true,"href":"https:\/\/www.wepaflyer.com\/de\/wp-json\/wp\/v2\/product_tag?post=20793"}],"curies":[{"name":"wp","href":"https:\/\/api.w.org\/{rel}","templated":true}]}}