{"id":20789,"date":"2023-12-22T12:21:43","date_gmt":"2023-12-22T11:21:43","guid":{"rendered":"https:\/\/www.wepaflyer.com\/?post_type=product&#038;p=20789"},"modified":"2026-01-21T13:05:40","modified_gmt":"2026-01-21T12:05:40","slug":"acro-racer-uni-lenkdrachen","status":"publish","type":"product","link":"https:\/\/www.wepaflyer.com\/de\/produkt\/acro-racer-uni-lenkdrachen\/","title":{"rendered":"Acro Racer UNI. Lenkdrachen"},"content":{"rendered":"<h2>WUS ACRO RACER UNI STUNTKITE<\/h2>\n<h3>93 x 91 cm.<\/h3>\n<p>Klassischer Lenkdrachen in Rautenform. Immergr\u00fcn. Millionenverk\u00e4ufer. Der Favorit der Kinder. F\u00fcr den Acro Racer Lenkdrachen gibt es keine Superlative. Unzerst\u00f6rbar und grundsolide. Der klassischste der klassischen Lenkdrachen. F\u00fcr Jung und Alt geeignet und jeder im Alter von 5 bis 95 Jahren kann es nutzen und sich sofort wie ein Pilot der Meisterklasse f\u00fchlen.<\/p>\n<p>Der Acro Racer eignet sich auch sehr gut f\u00fcr den Formationsflug, als Duo, Trio, Quattro oder vieles mehr. Mit diesem Modell wurden viele Weltrekorde f\u00fcr Lenkdrachen auf zwei Leinen aufgestellt. Schenken Sie einem (gro\u00dfen) Kind einen Acro Racer als ersten Lenkdrachen und Sie werden es in den ersten Stunden nicht wieder sehen, wenn es mit dem Drachenfliegen besch\u00e4ftigt ist \u2013 bei leichter Brise oder starkem Sturmwind fliegt der Acro Racer immer. Durch den langen, mitgelieferten Rohrschwanz fliegt der Acro Racer extrem stabil. Aus robustem Spinnakerstoff in vielen Farbkombinationen. Fiberglasrahmen in 4 mm.<\/p>\n<p>Die Uni, die Version, mit der alles begann, ist in vielen Farben erh\u00e4ltlich, siehe beigef\u00fcgte Farbpalette.<\/p>\n<p><b><i>Wenn Sie eine Sonderfarbe w\u00fcnschen, geben Sie dies bitte bei der Bestellung deutlich an. Farbw\u00fcnsche kannst du zwar bei der Bestellung angeben, da die Drachen aber speziell f\u00fcr dich angefertigt und verpackt werden, ist ein Umtausch oder eine R\u00fcckgabe nicht m\u00f6glich.<\/i><\/b><\/p>\n<p>Der Drachen wird R2F (Ready-to-Fly) mit passenden Steuerleinen auf 2 Ringrollen und einem 13 Meter langen Rohrschwanz geliefert. Anweisungen im Paket enthalten. Verpackt in PE-H\u00fclle.<\/p>\n<p><b>Mengenrabatte<\/b>; Beim Kauf gr\u00f6\u00dferer Mengen gew\u00e4hren wir folgende Mengenrabatte:<\/p>\n<ul>\n<li><b>ab 10 St\u00fcck: 10%<\/b><\/li>\n<li><b>ab 25 St\u00fcck: 20%<\/b><\/li>\n<li><b>ab 50 St\u00fcck: 25%<\/b><\/li>\n<li><b>ab 100 St\u00fcck: 30%<\/b><\/li>\n<\/ul>\n<p>Der Mengenrabatt wird direkt im Warenkorb abgerechnet.<\/p>\n","protected":false},"excerpt":{"rendered":"<p>93 x 91 cm. Bereit zum Fliegen<\/p>\n","protected":false},"featured_media":10533,"comment_status":"closed","ping_status":"closed","template":"","meta":{"_acf_changed":false},"product_brand":[],"product_cat":[2151,1396,1348,2152],"product_tag":[],"class_list":{"0":"post-20789","1":"product","2":"type-product","3":"status-publish","4":"has-post-thumbnail","6":"product_cat-acro-racer","7":"product_cat-drachen","8":"product_cat-marken","9":"product_cat-wepa-ultra-sports","10":"pa_editie-acro-racer-uni-stuntkite-de-2","11":"pa_editie-extra-kite-de-2","12":"pa_editie-extra-kite-duo-kite-de-2","13":"pa_editie-extra-kite-trio-kite-de-2","15":"first","16":"instock","17":"taxable","18":"shipping-taxable","19":"purchasable","20":"product-type-variable"},"acf":[],"_links":{"self":[{"href":"https:\/\/www.wepaflyer.com\/de\/wp-json\/wp\/v2\/product\/20789","targetHints":{"allow":["GET"]}}],"collection":[{"href":"https:\/\/www.wepaflyer.com\/de\/wp-json\/wp\/v2\/product"}],"about":[{"href":"https:\/\/www.wepaflyer.com\/de\/wp-json\/wp\/v2\/types\/product"}],"replies":[{"embeddable":true,"href":"https:\/\/www.wepaflyer.com\/de\/wp-json\/wp\/v2\/comments?post=20789"}],"wp:featuredmedia":[{"embeddable":true,"href":"https:\/\/www.wepaflyer.com\/de\/wp-json\/wp\/v2\/media\/10533"}],"wp:attachment":[{"href":"https:\/\/www.wepaflyer.com\/de\/wp-json\/wp\/v2\/media?parent=20789"}],"wp:term":[{"taxonomy":"product_brand","embeddable":true,"href":"https:\/\/www.wepaflyer.com\/de\/wp-json\/wp\/v2\/product_brand?post=20789"},{"taxonomy":"product_cat","embeddable":true,"href":"https:\/\/www.wepaflyer.com\/de\/wp-json\/wp\/v2\/product_cat?post=20789"},{"taxonomy":"product_tag","embeddable":true,"href":"https:\/\/www.wepaflyer.com\/de\/wp-json\/wp\/v2\/product_tag?post=20789"}],"curies":[{"name":"wp","href":"https:\/\/api.w.org\/{rel}","templated":true}]}}