{"id":88380,"date":"2024-07-24T11:01:25","date_gmt":"2024-07-24T09:01:25","guid":{"rendered":"https:\/\/www.wepaflyer.com\/anfrage-erhalten\/"},"modified":"2026-05-01T12:06:55","modified_gmt":"2026-05-01T10:06:55","slug":"anfrage-erhalten","status":"publish","type":"page","link":"https:\/\/www.wepaflyer.com\/de\/anfrage-erhalten\/","title":{"rendered":"Anfrage erhalten"},"content":{"rendered":"<section class=\"l-section wpb_row height_medium\"><div class=\"l-section-h i-cf\"><div class=\"g-cols vc_row via_flex valign_top type_default stacking_default\"><div class=\"vc_col-sm-12 wpb_column vc_column_container\"><div class=\"vc_column-inner\"><div class=\"wpb_wrapper\"><div class=\"wpb_text_column\"><div class=\"wpb_wrapper\"><h2>Wir haben Ihre Bewerbung erhalten!<\/h2>\n<p>Wir werden uns in K\u00fcrze mit Ihnen in Verbindung setzen, um die M\u00f6glichkeiten zu besprechen.<\/p>\n<\/div><\/div><div class=\"w-separator size_medium\"><\/div><div class=\"w-btn-wrapper align_none\"><a class=\"w-btn us-btn-style_1\" href=\"https:\/\/www.wepaflyer.com\/de\/shop\/\"><span class=\"w-btn-label\">Zur\u00fcck zum Shop<\/span><\/a><\/div><\/div><\/div><\/div><\/div><\/div><\/section>\n","protected":false},"excerpt":{"rendered":"Wir haben Ihre Bewerbung erhalten! Wir werden uns in K\u00fcrze mit Ihnen in Verbindung setzen, um die M\u00f6glichkeiten zu besprechen. Zur\u00fcck zum Shop","protected":false},"author":1,"featured_media":0,"parent":0,"menu_order":0,"comment_status":"closed","ping_status":"closed","template":"","meta":{"_acf_changed":false,"footnotes":""},"class_list":["post-88380","page","type-page","status-publish","hentry"],"acf":[],"_links":{"self":[{"href":"https:\/\/www.wepaflyer.com\/de\/wp-json\/wp\/v2\/pages\/88380","targetHints":{"allow":["GET"]}}],"collection":[{"href":"https:\/\/www.wepaflyer.com\/de\/wp-json\/wp\/v2\/pages"}],"about":[{"href":"https:\/\/www.wepaflyer.com\/de\/wp-json\/wp\/v2\/types\/page"}],"author":[{"embeddable":true,"href":"https:\/\/www.wepaflyer.com\/de\/wp-json\/wp\/v2\/users\/1"}],"replies":[{"embeddable":true,"href":"https:\/\/www.wepaflyer.com\/de\/wp-json\/wp\/v2\/comments?post=88380"}],"version-history":[{"count":2,"href":"https:\/\/www.wepaflyer.com\/de\/wp-json\/wp\/v2\/pages\/88380\/revisions"}],"predecessor-version":[{"id":88382,"href":"https:\/\/www.wepaflyer.com\/de\/wp-json\/wp\/v2\/pages\/88380\/revisions\/88382"}],"wp:attachment":[{"href":"https:\/\/www.wepaflyer.com\/de\/wp-json\/wp\/v2\/media?parent=88380"}],"curies":[{"name":"wp","href":"https:\/\/api.w.org\/{rel}","templated":true}]}}