{"id":13511,"date":"2022-12-19T11:33:36","date_gmt":"2022-12-19T10:33:36","guid":{"rendered":"https:\/\/wepaflyer.com\/?page_id=13511"},"modified":"2024-12-21T14:25:16","modified_gmt":"2024-12-21T13:25:16","slug":"versandkosten","status":"publish","type":"page","link":"https:\/\/www.wepaflyer.com\/de\/versandkosten\/","title":{"rendered":"Versandkosten"},"content":{"rendered":"<h1 id=\"verzendkosten-webshop-bestellingen-nederlands-english\">Versandkosten und mehr<\/h1>\n<p>F\u00fcr alle unsere Lieferungen fallen immer Versandkosten an. Die H\u00f6he dieser Kosten variiert je nach Land und in einigen F\u00e4llen kann aufgrund der Verpackungsl\u00e4nge ein Versandzuschlag berechnet werden, der automatisch bei Abschluss der Bestellung erfolgt.<br \/>\n<strong><span class=\"Y2IQFc\" lang=\"de\">Bei einer Bestellung werden die Versandkosten immer im Bestellformular angezeigt, bevor Sie die Zahlung abschlie\u00dfen, so dass Sie jederzeit sehen k\u00f6nnen, wie hoch die Versandkosten tats\u00e4chlich sein werden.<\/span><\/strong><\/p>\n<p>Je nach Volumen und Gewicht des Pakets bestimmt Wepa Flyer, wie das Paket versendet wird. Dies kann \u00fcber die folgenden Versandpartner erfolgen: GLS, DPD, PostNL, DHL, UPS, FedEx oder unseren eigenen Transport; immer im Hinblick auf die schnellste und einfachste Art des Transportes und Empfang f\u00fcr den Kunden.<\/p>\n<p>Wichtig: In den \u201e<strong>Versandkosten\u201c<\/strong> sind zus\u00e4tzlich zu den eigentlichen Versandkosten folgende Kosten enthalten:<\/p>\n<ul>\n<li><strong>Verpackungskosten<\/strong><\/li>\n<li><strong>Bearbeitungskosten<\/strong><\/li>\n<li><strong>Verwaltungskosten<\/strong><\/li>\n<li><strong>Umwelt-, ECO- und Energiezuschl\u00e4ge<\/strong><\/li>\n<li><strong>Entsorgungsbeitrag<\/strong><\/li>\n<\/ul>\n<div style=\"overflow-x: auto;\">\n<table>\n<thead>\n<tr>\n<th>Abk\u00fcrzung<\/th>\n<th>Land<\/th>\n<th>Max Gewicht (kg)<\/th>\n<th>Max Abmessungen (cm)<\/th>\n<th>Versandkosten (\u20ac)<\/th>\n<th>Zuschlagsdetails<br \/>\n(&gt;130cm immer + \u20ac4,95)<\/th>\n<\/tr>\n<\/thead>\n<tbody>\n<tr>\n<td>NL<\/td>\n<td>Niederlande<\/td>\n<td>32<\/td>\n<td>200<\/td>\n<td>6,95<\/td>\n<td>&#8211;<\/td>\n<\/tr>\n<tr>\n<td>NLW<\/td>\n<td>Niederlande-Watteninseln<\/td>\n<td>10<\/td>\n<td>100x50x50<\/td>\n<td>6,95<\/td>\n<td>&gt;10kg: +7,50<\/td>\n<\/tr>\n<tr>\n<td>BE<\/td>\n<td>Belgien<\/td>\n<td>32<\/td>\n<td>200<\/td>\n<td>7,95<\/td>\n<td>&#8211;<\/td>\n<\/tr>\n<tr>\n<td>DE<\/td>\n<td>Deutschland<\/td>\n<td>32<\/td>\n<td>200<\/td>\n<td>9,95<\/td>\n<td>Inselzuschlag, falls zutreffend<\/td>\n<\/tr>\n<tr>\n<td>LUX<\/td>\n<td>Luxemburg<\/td>\n<td>32<\/td>\n<td>200<\/td>\n<td>10,95<\/td>\n<td>&#8211;<\/td>\n<\/tr>\n<tr>\n<td>DK<\/td>\n<td>D\u00e4nemark<\/td>\n<td>32<\/td>\n<td>200<\/td>\n<td>13,95<\/td>\n<td>Inselzuschlag, falls zutreffend<\/td>\n<\/tr>\n<tr>\n<td>AT<\/td>\n<td>\u00d6sterreich<\/td>\n<td>20<\/td>\n<td>130<\/td>\n<td>15,95<\/td>\n<td>&gt;20kg: +10,00<\/td>\n<\/tr>\n<tr>\n<td>FR<\/td>\n<td>Frankreich + Monaco<\/td>\n<td>20<\/td>\n<td>130<\/td>\n<td>15,95<\/td>\n<td>&gt;20kg: +19,95; Inselzuschlag, falls zutreffend<\/td>\n<\/tr>\n<tr>\n<td>BG<\/td>\n<td>Bulgarien<\/td>\n<td>2<\/td>\n<td>90* (L\u00e4nge max. 60)<\/td>\n<td>14,95<\/td>\n<td>&gt;2kg: +28,00<\/td>\n<\/tr>\n<tr>\n<td>EE<\/td>\n<td>Estland<\/td>\n<td>2<\/td>\n<td>100x50x50<\/td>\n<td>18,95<\/td>\n<td>&gt;2kg: +20,00<\/td>\n<\/tr>\n<tr>\n<td>FI<\/td>\n<td>Finnland<\/td>\n<td>20<\/td>\n<td>130<\/td>\n<td>24,95<\/td>\n<td>&gt;20kg: +40,00; Inselzuschlag, falls zutreffend<\/td>\n<\/tr>\n<tr>\n<td>EL<\/td>\n<td>Griechenland<\/td>\n<td>5<\/td>\n<td>100x50x50<\/td>\n<td>26,95<\/td>\n<td>&gt;5kg: Zuschlag; Inselzuschlag, falls zutreffend<\/td>\n<\/tr>\n<tr>\n<td>CVP<\/td>\n<td>Zypern<\/td>\n<td>5<\/td>\n<td>100x50x50<\/td>\n<td>26,95<\/td>\n<td>&gt;5kg: Zuschlag<\/td>\n<\/tr>\n<tr>\n<td>HU<\/td>\n<td>Ungarn<\/td>\n<td>2<\/td>\n<td>100x50x50<\/td>\n<td>18,95<\/td>\n<td>&gt;2kg: +20,00<\/td>\n<\/tr>\n<tr>\n<td>IE<\/td>\n<td>Irland<\/td>\n<td>20<\/td>\n<td>130<\/td>\n<td>23,95<\/td>\n<td>&gt;20kg: +25,00; Inselzuschlag, falls zutreffend<\/td>\n<\/tr>\n<tr>\n<td>IT<\/td>\n<td>Italien<\/td>\n<td>20<\/td>\n<td>130<\/td>\n<td>21,95<\/td>\n<td>&gt;20kg: +25,00; Inselzuschlag, falls zutreffend<\/td>\n<\/tr>\n<tr>\n<td>HR<\/td>\n<td>Kroatien<\/td>\n<td>2<\/td>\n<td>100x50x50<\/td>\n<td>18,95<\/td>\n<td>&gt;2kg: +30,00; Inselzuschlag, falls zutreffend<\/td>\n<\/tr>\n<tr>\n<td>BH<\/td>\n<td>Bosnien-Herzegowina<\/td>\n<td>2<\/td>\n<td>100x50x50<\/td>\n<td>18,95<\/td>\n<td>&gt;2kg: +30,00<\/td>\n<\/tr>\n<tr>\n<td>LV<\/td>\n<td>Lettland<\/td>\n<td>2<\/td>\n<td>100x50x50<\/td>\n<td>18,95<\/td>\n<td>&gt;2kg: +20,00<\/td>\n<\/tr>\n<tr>\n<td>LT<\/td>\n<td>Litauen<\/td>\n<td>2<\/td>\n<td>100x50x50<\/td>\n<td>18,95<\/td>\n<td>&gt;2kg: +20,00<\/td>\n<\/tr>\n<tr>\n<td>MT<\/td>\n<td>Malta<\/td>\n<td>5<\/td>\n<td>100x50x50<\/td>\n<td>26,95<\/td>\n<td>&gt;5kg: Zuschlag<\/td>\n<\/tr>\n<tr>\n<td>PL<\/td>\n<td>Polen<\/td>\n<td>20<\/td>\n<td>130<\/td>\n<td>29,95<\/td>\n<td>&gt;20kg: +15,00<\/td>\n<\/tr>\n<tr>\n<td>PT<\/td>\n<td>Portugal<\/td>\n<td>2<\/td>\n<td>100x50x50<\/td>\n<td>14,95<\/td>\n<td>&gt;2kg: +25,00; Inselzuschlag, falls zutreffend<\/td>\n<\/tr>\n<tr>\n<td>RO<\/td>\n<td>Rum\u00e4nien<\/td>\n<td>2<\/td>\n<td>90* (L\u00e4nge max. 60)<\/td>\n<td>14,95<\/td>\n<td>&gt;2kg: +28,00<\/td>\n<\/tr>\n<tr>\n<td>SI<\/td>\n<td>Slowenien<\/td>\n<td>2<\/td>\n<td>90* (L\u00e4nge max. 60)<\/td>\n<td>14,95<\/td>\n<td>&gt;2kg: +28,00<\/td>\n<\/tr>\n<tr>\n<td>SK<\/td>\n<td>Slowakei<\/td>\n<td>2<\/td>\n<td>90* (L\u00e4nge max. 60)<\/td>\n<td>14,95<\/td>\n<td>&gt;2kg: +28,00<\/td>\n<\/tr>\n<tr>\n<td>ES<\/td>\n<td>Spanien<\/td>\n<td>20<\/td>\n<td>130<\/td>\n<td>24,95<\/td>\n<td>&gt;20kg: +20,00; Inselzuschlag, falls zutreffend<\/td>\n<\/tr>\n<tr>\n<td>CZ<\/td>\n<td>Tschechien<\/td>\n<td>20<\/td>\n<td>130<\/td>\n<td>29,95<\/td>\n<td>&gt;20kg: +20,00<\/td>\n<\/tr>\n<tr>\n<td>SE<\/td>\n<td>Schweden<\/td>\n<td>20<\/td>\n<td>130<\/td>\n<td>22,95<\/td>\n<td>&gt;20kg: +25,00; Inselzuschlag, falls zutreffend<\/td>\n<\/tr>\n<\/tbody>\n<\/table>\n<h3>Europa (Au\u00dferhalb der EU)<\/h3>\n<div class=\"contain-inline-size rounded-md border-[0.5px] border-token-border-medium relative bg-token-sidebar-surface-primary dark:bg-gray-950\">\n<div class=\"flex items-center text-token-text-secondary px-4 py-2 text-xs font-sans justify-between rounded-t-md h-9 bg-token-sidebar-surface-primary dark:bg-token-main-surface-secondary select-none\"><\/div>\n<\/div>\n<\/div>\n<div style=\"overflow-x: auto;\">\n<table>\n<thead>\n<tr>\n<th>Abk\u00fcrzung<\/th>\n<th>Land<\/th>\n<th>Max Gewicht (kg)<\/th>\n<th>Max Abmessungen (cm)<\/th>\n<th>Versandkosten (\u20ac)<\/th>\n<th>Zuschlagsdetails<\/th>\n<\/tr>\n<\/thead>\n<tbody>\n<tr>\n<td>AND<\/td>\n<td>Andorra<\/td>\n<td>2<\/td>\n<td>90* (L\u00e4nge max. 60)<\/td>\n<td>14,95<\/td>\n<td>&gt;2kg: +28,00; Zollgeb\u00fchren anwendbar<\/td>\n<\/tr>\n<tr>\n<td>ICE<\/td>\n<td>Island<\/td>\n<td>5<\/td>\n<td>100x50x50<\/td>\n<td>26,95<\/td>\n<td>&gt;5kg: Zuschlag gilt; Zollgeb\u00fchren anwendbar<\/td>\n<\/tr>\n<tr>\n<td>NO<\/td>\n<td>Norwegen<\/td>\n<td>10<\/td>\n<td>100x50x50<\/td>\n<td>31,95<\/td>\n<td>&gt;10kg: Zuschlag gilt; Zollgeb\u00fchren anwendbar<\/td>\n<\/tr>\n<tr>\n<td>SM<\/td>\n<td>San Marino<\/td>\n<td>2<\/td>\n<td>90* (L\u00e4nge max. 60)<\/td>\n<td>14,95<\/td>\n<td>&gt;2kg: Zollgeb\u00fchren anwendbar<\/td>\n<\/tr>\n<tr>\n<td>UK<\/td>\n<td>Vereinigtes K\u00f6nigreich<\/td>\n<td>2<\/td>\n<td>100x50x50<\/td>\n<td>18,95<\/td>\n<td>&gt;2kg: Zollgeb\u00fchren anwendbar<\/td>\n<\/tr>\n<tr>\n<td>CH<\/td>\n<td>Schweiz<\/td>\n<td>2<\/td>\n<td>100x50x50<\/td>\n<td>18,95<\/td>\n<td>&gt;2kg: Zollgeb\u00fchren anwendbar<\/td>\n<\/tr>\n<\/tbody>\n<\/table>\n<h2>\u00dcbersee<\/h2>\n<\/div>\n<div style=\"overflow-x: auto;\">\n<table>\n<thead>\n<tr>\n<th>Abk\u00fcrzung<\/th>\n<th>Land<\/th>\n<th>Max Gewicht (kg)<\/th>\n<th>Max Abmessungen (cm)<\/th>\n<th>Versandkosten (\u20ac)<\/th>\n<th>Zuschlagsdetails<\/th>\n<\/tr>\n<\/thead>\n<tbody>\n<tr>\n<td>USA<\/td>\n<td>Vereinigte Staaten<\/td>\n<td>2<\/td>\n<td>100x50x50<\/td>\n<td>26,95<\/td>\n<td>&gt;2kg: Zollgeb\u00fchren anwendbar<\/td>\n<\/tr>\n<tr>\n<td>CND<\/td>\n<td>Kanada<\/td>\n<td>2<\/td>\n<td>100x50x50<\/td>\n<td>26,95<\/td>\n<td>&gt;2kg: Zollgeb\u00fchren anwendbar<\/td>\n<\/tr>\n<tr>\n<td>RSA<\/td>\n<td>S\u00fcdafrika<\/td>\n<td>2<\/td>\n<td>100x50x50<\/td>\n<td>26,95<\/td>\n<td>Zollgeb\u00fchren anwendbar<\/td>\n<\/tr>\n<tr>\n<td>AUS<\/td>\n<td>Australien<\/td>\n<td>2<\/td>\n<td>100x50x50<\/td>\n<td>26,95<\/td>\n<td>Zollgeb\u00fchren anwendbar<\/td>\n<\/tr>\n<tr>\n<td>NZE<\/td>\n<td>Neuseeland<\/td>\n<td>2<\/td>\n<td>100x50x50<\/td>\n<td>26,95<\/td>\n<td>Zollgeb\u00fchren anwendbar<\/td>\n<\/tr>\n<tr>\n<td>JAP<\/td>\n<td>Japan<\/td>\n<td>2<\/td>\n<td>100x50x50<\/td>\n<td>26,95<\/td>\n<td>Zollgeb\u00fchren anwendbar<\/td>\n<\/tr>\n<\/tbody>\n<\/table>\n<h3>Andere L\u00e4nder**<\/h3>\n<p>Versandkosten auf Anfrage. Geben Sie die Bestellung mit vollst\u00e4ndigen Adressdaten ein und w\u00e4hlen Sie die Zahlungsoption <strong>CASH ON COLLECTION<\/strong>. Sie erhalten anschlie\u00dfend die Auftragsbest\u00e4tigung <strong>OHNE die Versandkosten<\/strong>. Wir pr\u00fcfen das Volumen und Gewicht der Bestellung und informieren Sie danach \u00fcber die Versandkosten.<\/p>\n<p>Wenn Sie einverstanden sind, zahlen Sie den Gesamtbetrag der Bestellung + Versandkosten. Nach Zahlungseingang wird die Bestellung versandt.<\/p>\n<p><strong>Erl\u00e4uterungen:<\/strong><\/p>\n<ul>\n<li><strong>90<\/strong>* = L+B+H = maximal 90 cm + maximale L\u00e4nge von 60 cm<\/li>\n<li>Keine Mehrwertsteuer wird berechnet:\u00a0 Europa au\u00dferhalb der EU, \u00dcbersee und andere L\u00e4nder).<\/li>\n<\/ul>\n<p><strong>Fragen, Zweifel oder W\u00fcnsche?<\/strong><\/p>\n<p>Kontaktieren Sie uns per E-Mail unter <strong><a rel=\"noopener\"><span>info<\/span><span>@wepaflyer<\/span><span>.com<\/span><\/a><\/strong> oder telefonisch unter <strong>+31(0)316584900<\/strong>.<\/p>\n<\/div>\n","protected":false},"excerpt":{"rendered":"<p>Versandkosten und mehr F\u00fcr alle unsere Lieferungen fallen immer Versandkosten an. Die H\u00f6he dieser Kosten variiert je nach Land und in einigen F\u00e4llen kann aufgrund der Verpackungsl\u00e4nge ein Versandzuschlag berechnet werden, der automatisch bei Abschluss der Bestellung erfolgt. Bei einer Bestellung werden die Versandkosten immer im Bestellformular angezeigt, bevor Sie die Zahlung abschlie\u00dfen, so dass&#8230;<\/p>\n","protected":false},"author":1,"featured_media":0,"parent":0,"menu_order":0,"comment_status":"closed","ping_status":"closed","template":"","meta":{"_acf_changed":false,"footnotes":""},"class_list":["post-13511","page","type-page","status-publish","hentry"],"acf":[],"_links":{"self":[{"href":"https:\/\/www.wepaflyer.com\/de\/wp-json\/wp\/v2\/pages\/13511","targetHints":{"allow":["GET"]}}],"collection":[{"href":"https:\/\/www.wepaflyer.com\/de\/wp-json\/wp\/v2\/pages"}],"about":[{"href":"https:\/\/www.wepaflyer.com\/de\/wp-json\/wp\/v2\/types\/page"}],"author":[{"embeddable":true,"href":"https:\/\/www.wepaflyer.com\/de\/wp-json\/wp\/v2\/users\/1"}],"replies":[{"embeddable":true,"href":"https:\/\/www.wepaflyer.com\/de\/wp-json\/wp\/v2\/comments?post=13511"}],"version-history":[{"count":8,"href":"https:\/\/www.wepaflyer.com\/de\/wp-json\/wp\/v2\/pages\/13511\/revisions"}],"predecessor-version":[{"id":24551,"href":"https:\/\/www.wepaflyer.com\/de\/wp-json\/wp\/v2\/pages\/13511\/revisions\/24551"}],"wp:attachment":[{"href":"https:\/\/www.wepaflyer.com\/de\/wp-json\/wp\/v2\/media?parent=13511"}],"curies":[{"name":"wp","href":"https:\/\/api.w.org\/{rel}","templated":true}]}}