{"id":13510,"date":"2023-09-07T14:00:38","date_gmt":"2023-09-07T12:00:38","guid":{"rendered":"https:\/\/wepaflyer.com\/?page_id=13510"},"modified":"2024-11-22T15:16:19","modified_gmt":"2024-11-22T14:16:19","slug":"datenschutz","status":"publish","type":"page","link":"https:\/\/www.wepaflyer.com\/de\/datenschutz\/","title":{"rendered":"Datenschutz"},"content":{"rendered":"<h1 id=\"privacyverklaring\">Datenschutz<\/h1>\n<div class=\"flex max-w-full flex-col flex-grow\">\n<div class=\"min-h-8 text-message flex w-full flex-col items-end gap-2 whitespace-normal break-words [.text-message+&amp;]:mt-5\" dir=\"auto\" data-message-author-role=\"assistant\" data-message-id=\"1ad6337c-703f-4e0c-b656-0e4c9e03e3b9\" data-client-thread-id=\"WEB:cfa9c8e0-ac8e-411c-8de0-c66155f6dd32\" data-message-model-slug=\"gpt-4o\">\n<div class=\"flex w-full flex-col gap-1 empty:hidden first:pt-[3px]\">\n<div class=\"markdown prose w-full break-words dark:prose-invert dark\">\n<p><strong>Zuletzt aktualisiert: 24-05-2018<\/strong><\/p>\n<p>Um klarzustellen, wie wir mit Ihren Daten umgehen, haben wir diese Vereinbarungen in unserer Datenschutzerkl\u00e4rung festgehalten. Wir beschreiben, was wir mit den gesammelten Daten machen und warum.<\/p>\n<hr \/>\n<h3><strong>Verarbeitete personenbezogene Daten<\/strong><\/h3>\n<p>Wepa Flyer kann personenbezogene Daten von Ihnen verarbeiten, wenn Sie die Dienste von Wepa Flyer nutzen und\/oder wenn Sie diese Daten durch das Ausf\u00fcllen eines Kontaktformulars auf der Website an Wepa Flyer \u00fcbermitteln. Wepa Flyer kann folgende personenbezogene Daten verarbeiten:<\/p>\n<ul>\n<li>Ihren Vor- und Nachnamen<\/li>\n<li>Ihre Adressdaten<\/li>\n<li>Ihre Telefonnummer<\/li>\n<li>Ihre E-Mail-Adresse<\/li>\n<li>Ihre IP-Adresse (anonymisiert)<\/li>\n<\/ul>\n<hr \/>\n<h3><strong>Warum Wepa Flyer Daten ben\u00f6tigt<\/strong><\/h3>\n<p>Wepa Flyer speichert Ihre personenbezogenen Daten nur so lange, wie es notwendig ist, um die Zwecke zu erf\u00fcllen, f\u00fcr die die Daten gesammelt wurden. Wenn keine Vereinbarung mit Ihnen zustande kommt, werden Ihre Daten nicht l\u00e4nger als zwei Jahre gespeichert.<\/p>\n<hr \/>\n<h3><strong>Weitergabe an Dritte<\/strong><\/h3>\n<p>Wepa Flyer gibt Ihre personenbezogenen Daten nur dann an Dritte weiter, wenn dies zur Erf\u00fcllung einer Vereinbarung mit Ihnen erforderlich ist oder wenn eine gesetzliche Verpflichtung besteht.<\/p>\n<hr \/>\n<h3><strong>Website-Besuchsstatistiken<\/strong><\/h3>\n<p>Allgemeine Besuchsdaten werden auf der Website von Wepa Flyer gesammelt. Diese Daten dienen der Analyse des Besuchs- und Klickverhaltens auf der Website. Wepa Flyer verwendet diese Informationen, um die Funktionalit\u00e4t der Website zu verbessern. Die Daten werden so weit wie m\u00f6glich anonymisiert und nicht an Dritte weitergegeben.<\/p>\n<hr \/>\n<h3><strong>Google Analytics<\/strong><\/h3>\n<p>Wepa Flyer verwendet Google Analytics, um zu verfolgen, wie Nutzer die Website verwenden, und um die Wirksamkeit von Google AdWords-Anzeigen zu analysieren.<\/p>\n<ul>\n<li>Es wurde eine Verarbeitervereinbarung mit Google abgeschlossen.<\/li>\n<li>IP-Adressen werden anonymisiert verarbeitet, und eine sichere Verbindung wird f\u00fcr die Daten\u00fcbertragung verwendet.<\/li>\n<li>Die gesammelten Informationen werden auf Servern in den USA gespeichert.<br \/>\nWepa Flyer hat Google keine Erlaubnis erteilt, die durch Wepa Flyer erhaltenen Analytics-Daten f\u00fcr andere Google-Dienste zu verwenden.<\/li>\n<\/ul>\n<hr \/>\n<h3><strong>Cookies und \u00e4hnliche Technologien<\/strong><\/h3>\n<p>Ein Cookie ist eine kleine Textdatei, die beim ersten Besuch dieser Website im Browser Ihres Computers, Tablets oder Smartphones gespeichert wird. Wepa Flyer verwendet vier Arten von Cookies:<\/p>\n<ol>\n<li><strong>Notwendige Cookies<\/strong> f\u00fcr die technische Funktionalit\u00e4t der Website.<\/li>\n<li><strong>Statistik-Cookies<\/strong>, die anonymisierte Daten \u00fcber die Website-Nutzung sammeln.<\/li>\n<li><strong>Pr\u00e4ferenz-Cookies<\/strong>, die Ihre bevorzugten Einstellungen (z. B. Sprache) speichern.<\/li>\n<li><strong>Marketing-Cookies<\/strong>, die Ihr Surfverhalten verfolgen, einschlie\u00dflich solcher von Social-Media-Seiten wie YouTube, Facebook und LinkedIn.<\/li>\n<\/ol>\n<p>Sie k\u00f6nnen Cookies in Ihrem Browser deaktivieren oder entfernen:<\/p>\n<ul>\n<li><strong>Internet Explorer<\/strong>: Klicken Sie auf das Zahnrad &gt; Internetoptionen &gt; Allgemein &gt; Browserverlauf l\u00f6schen &gt; \u201eCookies\u201c ausw\u00e4hlen &gt; L\u00f6schen.<\/li>\n<li><strong>Edge<\/strong>: Klicken Sie auf die drei Punkte &gt; Einstellungen &gt; Browserdaten l\u00f6schen &gt; \u201eCookies\u201c ausw\u00e4hlen &gt; L\u00f6schen.<\/li>\n<li><strong>Firefox<\/strong>: Klicken Sie auf die drei Striche &gt; Einstellungen &gt; Datenschutz &gt; Einzelne Cookies l\u00f6schen &gt; \u201eAlle l\u00f6schen\u201c.<\/li>\n<li><strong>Chrome<\/strong>: Klicken Sie auf die drei Punkte &gt; Verlauf &gt; Browserdaten l\u00f6schen &gt; \u201eCookies und andere Website-Daten\u201c ausw\u00e4hlen &gt; L\u00f6schen.<\/li>\n<li><strong>Safari<\/strong>: Gehen Sie zu Safari &gt; Einstellungen &gt; Datenschutz &gt; \u201eAlle Website-Daten entfernen\u201c.<\/li>\n<\/ul>\n<hr \/>\n<h3><strong>\u00c4nderungen der Datenschutzerkl\u00e4rung<\/strong><\/h3>\n<p>Wepa Flyer beh\u00e4lt sich das Recht vor, \u00c4nderungen an der Datenschutzerkl\u00e4rung vorzunehmen. \u00dcberpr\u00fcfen Sie daher regelm\u00e4\u00dfig die Datenschutzerkl\u00e4rung auf Aktualisierungen.<\/p>\n<hr \/>\n<h3><strong>Einsehen, \u00c4ndern oder L\u00f6schen von Daten<\/strong><\/h3>\n<p>Sie haben das Recht, Ihre personenbezogenen Daten einzusehen, zu korrigieren oder zu l\u00f6schen. Senden Sie eine Anfrage an <strong><a rel=\"noopener\"><span>info<\/span><span>@wepaflyer<\/span><span>.nl<\/span><\/a><\/strong>, und Wepa Flyer wird innerhalb von vier Wochen antworten.<\/p>\n<hr \/>\n<h3><strong>Sicherheit<\/strong><\/h3>\n<p>Wepa Flyer nimmt den Schutz Ihrer Daten ernst und ergreift geeignete Ma\u00dfnahmen, um Missbrauch, Verlust, unbefugten Zugriff und ungewollte Offenlegung zu verhindern. Die Website verwendet ein SSL-Zertifikat, um sicherzustellen, dass Ihre Daten nicht in falsche H\u00e4nde geraten.<\/p>\n<p>Bei Verdacht auf Missbrauch oder Sicherheitsprobleme wenden Sie sich an <strong><a rel=\"noopener\"><span>info<\/span><span>@wepaflyer<\/span><span>.nl<\/span><\/a><\/strong>.<\/p>\n<p><strong>Kontaktinformationen:<\/strong><br \/>\nWepa Flyer International BV<br \/>\nDidamseweg 152, 6902PE, Zevenaar, Niederlande<br \/>\nHandelsregisternummer: 09129715<br \/>\nTelefon: +31 (0)316 \u2013 584 900<br \/>\nE-Mail: <strong><a rel=\"noopener\"><span>info<\/span><span>@wepaflyer<\/span><span>.nl<\/span><\/a><\/strong><\/p>\n<\/div>\n<\/div>\n<\/div>\n<\/div>\n<div class=\"mb-2 flex gap-3 empty:hidden -ml-2\">\n<div class=\"items-center justify-start rounded-xl p-1 flex\">\n<div class=\"flex items-center\"><span class=\"hidden\"><\/span><\/p>\n<div class=\"flex items-center pb-0\"><\/div>\n<\/div>\n<\/div>\n<\/div>\n","protected":false},"excerpt":{"rendered":"<p>Datenschutz Zuletzt aktualisiert: 24-05-2018 Um klarzustellen, wie wir mit Ihren Daten umgehen, haben wir diese Vereinbarungen in unserer Datenschutzerkl\u00e4rung festgehalten. Wir beschreiben, was wir mit den gesammelten Daten machen und warum. Verarbeitete personenbezogene Daten Wepa Flyer kann personenbezogene Daten von Ihnen verarbeiten, wenn Sie die Dienste von Wepa Flyer nutzen und\/oder wenn Sie diese Daten&#8230;<\/p>\n","protected":false},"author":1,"featured_media":0,"parent":0,"menu_order":0,"comment_status":"closed","ping_status":"closed","template":"","meta":{"_acf_changed":false,"footnotes":""},"class_list":["post-13510","page","type-page","status-publish","hentry"],"acf":[],"_links":{"self":[{"href":"https:\/\/www.wepaflyer.com\/de\/wp-json\/wp\/v2\/pages\/13510","targetHints":{"allow":["GET"]}}],"collection":[{"href":"https:\/\/www.wepaflyer.com\/de\/wp-json\/wp\/v2\/pages"}],"about":[{"href":"https:\/\/www.wepaflyer.com\/de\/wp-json\/wp\/v2\/types\/page"}],"author":[{"embeddable":true,"href":"https:\/\/www.wepaflyer.com\/de\/wp-json\/wp\/v2\/users\/1"}],"replies":[{"embeddable":true,"href":"https:\/\/www.wepaflyer.com\/de\/wp-json\/wp\/v2\/comments?post=13510"}],"version-history":[{"count":2,"href":"https:\/\/www.wepaflyer.com\/de\/wp-json\/wp\/v2\/pages\/13510\/revisions"}],"predecessor-version":[{"id":22659,"href":"https:\/\/www.wepaflyer.com\/de\/wp-json\/wp\/v2\/pages\/13510\/revisions\/22659"}],"wp:attachment":[{"href":"https:\/\/www.wepaflyer.com\/de\/wp-json\/wp\/v2\/media?parent=13510"}],"curies":[{"name":"wp","href":"https:\/\/api.w.org\/{rel}","templated":true}]}}