{"id":13508,"date":"2022-12-19T11:31:45","date_gmt":"2022-12-19T10:31:45","guid":{"rendered":"https:\/\/wepaflyer.com\/?page_id=13508"},"modified":"2024-12-21T14:21:25","modified_gmt":"2024-12-21T13:21:25","slug":"lieferzeiten","status":"publish","type":"page","link":"https:\/\/www.wepaflyer.com\/de\/lieferzeiten\/","title":{"rendered":"Lieferzeiten"},"content":{"rendered":"<section class=\"l-section wpb_row us_custom_04b5345d height_medium\"><div class=\"l-section-h i-cf\"><div class=\"g-cols vc_row via_flex valign_top type_default stacking_default\"><div class=\"vc_col-sm-12 wpb_column vc_column_container has_bg_color\"><div class=\"vc_column-inner us_custom_ca7beec6\"><div class=\"wpb_wrapper\"><div class=\"wpb_text_column\"><div class=\"wpb_wrapper\"><h1><strong>Lieferzeiten bei Bestellungen \u00fcber den Webshop<\/strong><\/h1>\n<p>F\u00fcr alle Artikel, die wir \u00fcber unseren Webshop anbieten, wird eine voraussichtliche Lieferzeit angegeben, basierend auf den Erfahrungen der letzten drei Jahre. Obwohl diese Angaben in Absprache mit unseren Transportpartnern GLS und DPD erstellt wurden, sind sie indikativ und unter Vorbehalt (o.g.v.). M\u00f6chten Sie Ihre Bestellung unbedingt bis zu einem bestimmten Datum erhalten, geben Sie dies bitte deutlich im Feld \u201eBemerkungen\u201c im Bestellformular an. Sollte es uns nicht m\u00f6glich sein, diesen Termin einzuhalten, werden wir Sie umgehend dar\u00fcber informieren.<\/p>\n<p>Falls es besonders eilig ist, k\u00f6nnen Sie die Ware auch direkt in unserem Lager abholen. Weitere Informationen dazu finden Sie unter dem Link \u201eAbholung\u201c. Die meisten Artikel halten wir in unserem Lager in Zevenaar vorr\u00e4tig. Falls n\u00f6tig, k\u00f6nnen wir au\u00dferdem kurzfristig Waren aus zentralen Lagern in Westeuropa abrufen, wodurch wir in 99 % der F\u00e4lle die angegebenen Lieferzeiten garantieren k\u00f6nnen.<\/p>\n<h3><strong>Erkl\u00e4rung zu den angegebenen Lieferzeiten<\/strong><\/h3>\n<p>Eine angegebene Lieferzeit von <strong>1 bis 2 Tagen<\/strong> bedeutet, dass die bestellten Produkte innerhalb von 1 bis 2 Tagen an die von Ihnen angegebene Adresse geliefert werden.<\/p>\n<p>Ob die Bestellung innerhalb von 1 oder 2 Tagen geliefert wird, h\u00e4ngt davon ab, wann wir Ihre Bestellung erhalten:<\/p>\n<ul>\n<li>Geht Ihre Bestellung an einem Werktag vor 16:00 Uhr ein, erfolgt die Lieferung in der Regel am n\u00e4chsten Werktag oder Samstag.<\/li>\n<li>Erhalten wir Ihre Bestellung an einem Werktag nach 16:00 Uhr, erfolgt die Lieferung in der Regel nicht am n\u00e4chsten Werktag oder Samstag, sondern am darauffolgenden Werktag oder Samstag.<\/li>\n<li>Bestellungen, die am Freitag nach 16:00 Uhr oder am Wochenende eingehen, werden in der Regel am n\u00e4chsten Werktag nach dem Wochenende versendet. Die Lieferung erfolgt dann am darauffolgenden Werktag, meistens ein Dienstag (oder Mittwoch bei einem verl\u00e4ngerten Wochenende).<\/li>\n<\/ul>\n<p>Lieferungen am Samstag erfolgen nur bei Bestellungen, die wir am Freitag vor 16:00 Uhr erhalten, und muss ausdr\u00fccklich bei der Bestellung angegeben werden. In diesem Fall erfolgt der Versand \u00fcber DPD, die die Pakete auch Samstags zustellt. F\u00fcr die Samstagszustellung wird kein Aufpreis berechnet. <strong>Achtung! Lieferungen an Samstagen k\u00f6nnen wir leider nicht garantieren da die Paketdienste nicht immer an Samstagen ausliefern obwohl sie das angeben&#8230;<\/strong><\/p>\n<h3><strong>Besondere Hinweise f\u00fcr die Watteninseln<\/strong><\/h3>\n<ul>\n<li>Wenn sich die Lieferadresse auf einem der Watteninseln befindet, muss die Bestellung bis sp\u00e4testens Donnerstag um 16:00 Uhr bei uns eingehen um eine kurzfristige Lieferung m\u00f6glich zu machen.<\/li>\n<li>F\u00fcr Lieferungen auf die Watteninseln sollte generell ein zus\u00e4tzlicher Tag zur angegebenen Lieferzeit hinzugerechnet werden.<\/li>\n<\/ul>\n<h3><strong>L\u00e4ngere Lieferzeiten (z. B. 1 bis 3, 4 oder 5 Tage)<\/strong><\/h3>\n<p>L\u00e4ngere Lieferzeiten entstehen, wenn ein Artikel in unserem Lager in Zevenaar nicht vorr\u00e4tig ist und wir diesen aus einem zentralen Lager abrufen m\u00fcssen. Der Standort des zentralen Lagers beeinflusst dann die endg\u00fcltige Lieferzeit.<\/p>\n<p>Es ist immer m\u00f6glich, individuelle Vereinbarungen zu Lieferzeiten zu treffen. Bitte nehmen Sie in solchen F\u00e4llen Kontakt mit uns auf, um die Details abzustimmen und die Machbarkeit zu pr\u00fcfen. Auch Bestellungen oder Reservierungen mit sp\u00e4terem Liefertermin sind kein Problem. Geben Sie dies bitte deutlich im Feld \u201eBemerkungen\u201c im Bestellformular an.<\/p>\n<h3><strong>Kontakt bei Fragen zu Lieferzeiten<\/strong><\/h3>\n<p>Falls Sie weitere Fragen zu Lieferzeiten haben, die hier nicht beantwortet wurden, kontaktieren Sie uns bitte telefonisch unter (<strong>+31 316 584900<\/strong>) oder per E-Mail an <strong><a rel=\"noopener\"><span>info<\/span><span>@wepaflyer<\/span><span>.nl<\/span><\/a><\/strong>.<\/p>\n<\/div><\/div><\/div><\/div><\/div><\/div><\/div><\/section>\n","protected":false},"excerpt":{"rendered":"Lieferzeiten bei Bestellungen \u00fcber den Webshop F\u00fcr alle Artikel, die wir \u00fcber unseren Webshop anbieten, wird eine voraussichtliche Lieferzeit angegeben, basierend auf den Erfahrungen der letzten drei Jahre. Obwohl diese Angaben in Absprache mit unseren Transportpartnern GLS und DPD erstellt wurden, sind sie indikativ und unter Vorbehalt (o.g.v.). M\u00f6chten Sie Ihre Bestellung unbedingt bis zu...","protected":false},"author":1,"featured_media":0,"parent":0,"menu_order":0,"comment_status":"closed","ping_status":"closed","template":"","meta":{"_acf_changed":false,"footnotes":""},"class_list":["post-13508","page","type-page","status-publish","hentry"],"acf":[],"_links":{"self":[{"href":"https:\/\/www.wepaflyer.com\/de\/wp-json\/wp\/v2\/pages\/13508","targetHints":{"allow":["GET"]}}],"collection":[{"href":"https:\/\/www.wepaflyer.com\/de\/wp-json\/wp\/v2\/pages"}],"about":[{"href":"https:\/\/www.wepaflyer.com\/de\/wp-json\/wp\/v2\/types\/page"}],"author":[{"embeddable":true,"href":"https:\/\/www.wepaflyer.com\/de\/wp-json\/wp\/v2\/users\/1"}],"replies":[{"embeddable":true,"href":"https:\/\/www.wepaflyer.com\/de\/wp-json\/wp\/v2\/comments?post=13508"}],"version-history":[{"count":5,"href":"https:\/\/www.wepaflyer.com\/de\/wp-json\/wp\/v2\/pages\/13508\/revisions"}],"predecessor-version":[{"id":24550,"href":"https:\/\/www.wepaflyer.com\/de\/wp-json\/wp\/v2\/pages\/13508\/revisions\/24550"}],"wp:attachment":[{"href":"https:\/\/www.wepaflyer.com\/de\/wp-json\/wp\/v2\/media?parent=13508"}],"curies":[{"name":"wp","href":"https:\/\/api.w.org\/{rel}","templated":true}]}}