{"id":13507,"date":"2022-12-12T14:29:07","date_gmt":"2022-12-12T13:29:07","guid":{"rendered":"https:\/\/wepaflyer.com\/?page_id=13507"},"modified":"2024-11-22T15:16:20","modified_gmt":"2024-11-22T14:16:20","slug":"lieferbedingungen","status":"publish","type":"page","link":"https:\/\/www.wepaflyer.com\/de\/lieferbedingungen\/","title":{"rendered":"Lieferbedingungen"},"content":{"rendered":"<div class=\"flex max-w-full flex-col flex-grow\">\n<div class=\"min-h-8 text-message flex w-full flex-col items-end gap-2 whitespace-normal break-words [.text-message+&amp;]:mt-5\" dir=\"auto\" data-message-author-role=\"assistant\" data-message-id=\"a1731d1b-83cc-4c55-baea-743e572a6f8e\" data-client-thread-id=\"WEB:cfa9c8e0-ac8e-411c-8de0-c66155f6dd32\" data-message-model-slug=\"gpt-4o\">\n<div class=\"flex w-full flex-col gap-1 empty:hidden first:pt-[3px]\">\n<div class=\"markdown prose w-full break-words dark:prose-invert dark\">\n<h1><strong>Lieferbedingungen Webshop<\/strong><\/h1>\n<p>\u2013 Allgemeine Verkaufs- und Lieferbedingungen<\/p>\n<p><strong>Lieferbedingungen Webshop von:<\/strong><br \/>\nWepa Flyer Int. BV<br \/>\nDidamseweg 152<br \/>\n6902 PE ZEVENAAR<\/p>\n<p>KVK-Nummer: 09129715<br \/>\nUmsatzsteuer-Identifikationsnummer: NL811008927B01<\/p>\n<p>Im Folgenden bezeichnet als: <strong>Wepa Flyer<\/strong><\/p>\n<hr \/>\n<h3><strong>Artikel 1 \u2013 Allgemein<\/strong><\/h3>\n<ol>\n<li>Wepa Flyer besch\u00e4ftigt sich unter anderem mit dem Verkauf von Drachen, Windspielen und Zubeh\u00f6r f\u00fcr Verbraucher \u00fcber einen Webshop unter <a href=\"http:\/\/www.wepaflyer.com\" target=\"_new\" rel=\"noopener\"><span>www<\/span><span>.wepaflyer<\/span><span>.com<\/span><\/a>.<\/li>\n<\/ol>\n<hr \/>\n<h3><strong>Artikel 2 \u2013 Definitionen<\/strong><\/h3>\n<ol>\n<li>In diesen allgemeinen Lieferbedingungen werden die folgenden Begriffe mit der nachstehenden Bedeutung verwendet, sofern nicht ausdr\u00fccklich anders angegeben:\n<ul>\n<li><strong>Verbraucher<\/strong>: Eine Gegenpartei, die eine nat\u00fcrliche Person ist und nicht in Aus\u00fcbung eines Gewerbes oder Berufs handelt.<\/li>\n<li><strong>Vereinbarung<\/strong>: Die Vereinbarung zwischen Wepa Flyer und dem Verbraucher.<\/li>\n<li><strong>Bestellung<\/strong>: Die Annahme des Angebots von Wepa Flyer durch den Verbraucher, erkennbar durch eine Bestellung \u00fcber das Kassensystem der Website oder per E-Mail.<\/li>\n<\/ul>\n<\/li>\n<\/ol>\n<hr \/>\n<h3><strong>Artikel 3 \u2013 Geltungsbereich dieser Bedingungen<\/strong><\/h3>\n<ol>\n<li>Diese Bedingungen gelten f\u00fcr jedes Angebot und jede Vereinbarung zwischen Wepa Flyer und dem Verbraucher.<\/li>\n<li>Diese Bedingungen gelten auch f\u00fcr Vereinbarungen mit Wepa Flyer, bei denen Dritte einbezogen werden m\u00fcssen.<\/li>\n<li>Die Anwendbarkeit etwaiger allgemeiner spezifischer Bedingungen oder Klauseln des Verbrauchers wird von Wepa Flyer ausdr\u00fccklich abgelehnt.<\/li>\n<\/ol>\n<hr \/>\n<h3><strong>Artikel 4 \u2013 Angebote und Zustandekommen der Vereinbarung<\/strong><\/h3>\n<ol>\n<li>Ein Angebot oder eine (Preis-)Angabe von Wepa Flyer ist unverbindlich und gilt lediglich als Einladung zur Abgabe einer Bestellung, sofern nicht ausdr\u00fccklich anders angegeben.<\/li>\n<li>Eine Bestellung gilt als abgegeben, wenn:\n<ul>\n<li>Der Verbraucher die Bestelldaten \u00fcber das entsprechende Formular auf der Website eingegeben und elektronisch an Wepa Flyer gesendet hat.<\/li>\n<li>Der Verbraucher ausdr\u00fccklich telefonisch angegeben hat, ein bestimmtes Produkt oder eine Dienstleistung erhalten zu wollen.<\/li>\n<li>Ein Angebot vom Verbraucher unterzeichnet und von Wepa Flyer erhalten wurde.<\/li>\n<\/ul>\n<\/li>\n<li>Eine Vereinbarung kommt zustande, wenn eine Bestellbest\u00e4tigung per E-Mail an die vom Verbraucher angegebene E-Mail-Adresse gesendet wird.<\/li>\n<li>Wepa Flyer und der Verbraucher stimmen ausdr\u00fccklich zu, dass durch die Nutzung elektronischer Kommunikationsmittel eine rechtsg\u00fcltige Vereinbarung zustande kommt, sobald die Bedingungen in Artikel 4.2 und 4.3 erf\u00fcllt sind.<\/li>\n<\/ol>\n<hr \/>\n<h3><strong>Artikel 5 \u2013 Lieferung und Versand<\/strong><\/h3>\n<ol>\n<li>Vereinbaren Wepa Flyer und der Verbraucher eine Lieferung, erfolgt diese gegen Kosten\u00fcbernahme, sofern nicht anders vereinbart.<\/li>\n<li>Die Lieferzeit beginnt, nachdem der Verbraucher alle erforderlichen Informationen bereitgestellt hat.<\/li>\n<li>Angegebene Lieferzeiten sind indikativ und niemals bindend.<\/li>\n<li>Der Verbraucher kann die Vereinbarung kostenfrei aufl\u00f6sen, wenn die Lieferung nicht innerhalb von 30 Tagen nach Vertragsschluss erfolgt.<\/li>\n<\/ol>\n<hr \/>\n<h3><strong>Artikel 6 \u2013 Eigentumsvorbehalt<\/strong><\/h3>\n<ol>\n<li>Wepa Flyer bleibt Eigent\u00fcmer der gelieferten Ware, bis die vollst\u00e4ndige Zahlung erfolgt ist.<\/li>\n<\/ol>\n<hr \/>\n<h3><strong>Artikel 7 \u2013 Garantie<\/strong><\/h3>\n<ol>\n<li>Wepa Flyer garantiert, dass die gelieferten Produkte den \u00fcblichen Anforderungen und Standards entsprechen.<\/li>\n<li>Der Kaufbeleg dient als Garantiebeleg.<\/li>\n<li>Falls die gelieferten Produkte nicht den Garantien entsprechen, wird Wepa Flyer sie reparieren oder ersetzen.<\/li>\n<li>Die Garantie gilt nicht f\u00fcr Sch\u00e4den, die durch unsachgem\u00e4\u00dfen Gebrauch oder eigenm\u00e4chtige \u00c4nderungen verursacht wurden.<\/li>\n<\/ol>\n<hr \/>\n<h3><strong>Artikel 8 \u2013 Widerrufsrecht<\/strong><\/h3>\n<ol>\n<li>Der Verbraucher hat das Recht, die gelieferten Produkte innerhalb von 14 Tagen ohne Angabe von Gr\u00fcnden zur\u00fcckzugeben.\n<ul>\n<li>Die Produkte m\u00fcssen 100 % verkaufsf\u00e4hig und in ihrem urspr\u00fcnglichen Zustand sein.<\/li>\n<li>R\u00fccksendungen m\u00fcssen innerhalb von 15 Arbeitstagen bei Wepa Flyer eingehen.<\/li>\n<li>R\u00fccksendekosten tr\u00e4gt der Verbraucher, sofern keine Versandkosten berechnet wurden.<\/li>\n<\/ul>\n<\/li>\n<li>R\u00fcckerstattungen werden innerhalb von 14 Tagen nach R\u00fcckgabe verarbeitet.<\/li>\n<\/ol>\n<hr \/>\n<h3><strong>Artikel 9 \u2013 \u00dcberpr\u00fcfung und Reklamationen<\/strong><\/h3>\n<ol>\n<li>Der Verbraucher ist verpflichtet, die gelieferten Waren nach Erhalt so schnell wie m\u00f6glich zu pr\u00fcfen.<\/li>\n<li>Sichtbare M\u00e4ngel m\u00fcssen innerhalb von drei Tagen schriftlich gemeldet werden.<\/li>\n<li>Nicht sichtbare M\u00e4ngel sind innerhalb von acht Tagen nach Entdeckung und innerhalb der Garantiefrist zu melden.<\/li>\n<\/ol>\n<hr \/>\n<h3><strong>Artikel 10 \u2013 Gefahren\u00fcbergang<\/strong><\/h3>\n<ol>\n<li>Das Risiko f\u00fcr Verlust oder Besch\u00e4digung der Produkte geht mit der rechtlichen und\/oder tats\u00e4chlichen Lieferung auf den Verbraucher \u00fcber.<\/li>\n<\/ol>\n<hr \/>\n<h3><strong>Artikel 11 \u2013 Preise, Zahlung und Versand<\/strong><\/h3>\n<ol>\n<li>Alle Preise sind in Euro und inklusive Mehrwertsteuer.<\/li>\n<li>Die Zahlung muss im Voraus erfolgen, sofern nicht anders vereinbart.<\/li>\n<li>Versandkosten werden im Kassensystem angezeigt.<\/li>\n<\/ol>\n<hr \/>\n<h3><strong>Artikel 12 \u2013 Haftung<\/strong><\/h3>\n<ol>\n<li>Wepa Flyer haftet nur f\u00fcr direkte Sch\u00e4den im Rahmen der Garantie.<\/li>\n<li>F\u00fcr indirekte oder Folgesch\u00e4den haftet Wepa Flyer nicht, es sei denn, diese wurden vors\u00e4tzlich verursacht.<\/li>\n<\/ol>\n<hr \/>\n<h3><strong>Artikel 13 \u2013 H\u00f6here Gewalt<\/strong><\/h3>\n<ol>\n<li>Keine der Parteien ist verpflichtet, eine Verpflichtung zu erf\u00fcllen, wenn sie daran durch h\u00f6here Gewalt gehindert wird.<\/li>\n<li>Unter h\u00f6here Gewalt fallen unvorhersehbare Umst\u00e4nde wie Streiks, Naturkatastrophen oder Transportschwierigkeiten.<\/li>\n<\/ol>\n<hr \/>\n<h3><strong>Artikel 14 \u2013 Streitigkeiten<\/strong><\/h3>\n<ol>\n<li>Streitigkeiten werden vor dem zust\u00e4ndigen Gericht im Gerichtsbezirk von Wepa Flyer verhandelt.<\/li>\n<\/ol>\n<hr \/>\n<h3><strong>Artikel 15 \u2013 Anwendbares Recht<\/strong><\/h3>\n<ol>\n<li>Auf alle Vereinbarungen zwischen Wepa Flyer und dem Verbraucher findet niederl\u00e4ndisches und\/oder europ\u00e4isches Recht Anwendung.<\/li>\n<\/ol>\n<p>F\u00fcr weitere Informationen oder Fragen kontaktieren Sie <strong><a rel=\"noopener\"><span>info<\/span><span>@wepaflyer<\/span><span>.nl<\/span><\/a><\/strong> oder rufen Sie uns unter <strong>+31 316 584900<\/strong> an.<\/p>\n<\/div>\n<\/div>\n<\/div>\n<\/div>\n<div class=\"mb-2 flex gap-3 empty:hidden -ml-2\">\n<div class=\"items-center justify-start rounded-xl p-1 flex\">\n<div class=\"flex items-center\"><span class=\"\" data-state=\"closed\"><button class=\"rounded-lg text-token-text-secondary hover:bg-token-main-surface-secondary\" aria-label=\"Read aloud\" data-testid=\"voice-play-turn-action-button\"><span class=\"flex h-[30px] w-[30px] items-center justify-center\"><\/span><\/button><\/span><span class=\"\" data-state=\"closed\"><button class=\"rounded-lg text-token-text-secondary hover:bg-token-main-surface-secondary\" aria-label=\"Kopi\u00ebren\" data-testid=\"copy-turn-action-button\"><span class=\"flex h-[30px] w-[30px] items-center justify-center\"><\/span><\/button><\/span><\/p>\n<div class=\"flex\"><\/div>\n<p><span class=\"hidden\"><\/span><\/p>\n<div class=\"flex items-center pb-0\"><span class=\"overflow-hidden text-clip whitespace-nowrap text-sm\">4o<\/span><\/div>\n<\/div>\n<\/div>\n<\/div>\n","protected":false},"excerpt":{"rendered":"<p>Lieferbedingungen Webshop \u2013 Allgemeine Verkaufs- und Lieferbedingungen Lieferbedingungen Webshop von: Wepa Flyer Int. BV Didamseweg 152 6902 PE ZEVENAAR KVK-Nummer: 09129715 Umsatzsteuer-Identifikationsnummer: NL811008927B01 Im Folgenden bezeichnet als: Wepa Flyer Artikel 1 \u2013 Allgemein Wepa Flyer besch\u00e4ftigt sich unter anderem mit dem Verkauf von Drachen, Windspielen und Zubeh\u00f6r f\u00fcr Verbraucher \u00fcber einen Webshop unter www.wepaflyer.com. Artikel&#8230;<\/p>\n","protected":false},"author":1,"featured_media":0,"parent":0,"menu_order":0,"comment_status":"closed","ping_status":"closed","template":"","meta":{"_acf_changed":false,"footnotes":""},"class_list":["post-13507","page","type-page","status-publish","hentry"],"acf":[],"_links":{"self":[{"href":"https:\/\/www.wepaflyer.com\/de\/wp-json\/wp\/v2\/pages\/13507","targetHints":{"allow":["GET"]}}],"collection":[{"href":"https:\/\/www.wepaflyer.com\/de\/wp-json\/wp\/v2\/pages"}],"about":[{"href":"https:\/\/www.wepaflyer.com\/de\/wp-json\/wp\/v2\/types\/page"}],"author":[{"embeddable":true,"href":"https:\/\/www.wepaflyer.com\/de\/wp-json\/wp\/v2\/users\/1"}],"replies":[{"embeddable":true,"href":"https:\/\/www.wepaflyer.com\/de\/wp-json\/wp\/v2\/comments?post=13507"}],"version-history":[{"count":3,"href":"https:\/\/www.wepaflyer.com\/de\/wp-json\/wp\/v2\/pages\/13507\/revisions"}],"predecessor-version":[{"id":22657,"href":"https:\/\/www.wepaflyer.com\/de\/wp-json\/wp\/v2\/pages\/13507\/revisions\/22657"}],"wp:attachment":[{"href":"https:\/\/www.wepaflyer.com\/de\/wp-json\/wp\/v2\/media?parent=13507"}],"curies":[{"name":"wp","href":"https:\/\/api.w.org\/{rel}","templated":true}]}}