{"id":13500,"date":"2022-12-19T11:32:45","date_gmt":"2022-12-19T10:32:45","guid":{"rendered":"https:\/\/wepaflyer.com\/?page_id=13500"},"modified":"2024-11-22T15:16:19","modified_gmt":"2024-11-22T14:16:19","slug":"bestellung-abholen","status":"publish","type":"page","link":"https:\/\/www.wepaflyer.com\/de\/bestellung-abholen\/","title":{"rendered":"Bestellung abholen"},"content":{"rendered":"<section class=\"l-section wpb_row us_custom_04b5345d height_medium\"><div class=\"l-section-h i-cf\"><div class=\"g-cols vc_row via_flex valign_top type_default stacking_default\"><div class=\"vc_col-sm-12 wpb_column vc_column_container has_bg_color\"><div class=\"vc_column-inner us_custom_ca7beec6\"><div class=\"wpb_wrapper\"><div class=\"wpb_text_column\"><div class=\"wpb_wrapper\"><h1 id=\"bestelling-afhalen\">Bestellung abholen<\/h1>\n<p>M\u00f6chten Sie Ihre Bestellung lieber selbst abholen? Kein Problem!<\/p>\n<p>In diesem Fall bieten wir Ihnen die M\u00f6glichkeit, die bestellten Produkte in unserem Lager an der Didamseweg 152 in Zevenaar (Gelderland) abzuholen.<\/p>\n<p>So gehen Sie vor:<\/p>\n<ol>\n<li>F\u00fcllen Sie zun\u00e4chst das Bestellformular vollst\u00e4ndig aus. Auf der rechten Seite erscheint hinter &#8222;Versand&#8220; die Versandoption &#8222;Abholung im Lager&#8220;. W\u00e4hlen Sie diese Option aus, und die Versandkosten entfallen automatisch.<\/li>\n<li>Geben Sie im Feld &#8222;Bestellnotizen&#8220; unbedingt das gew\u00fcnschte Abholdatum und die -uhrzeit an, schlie\u00dfen Sie die Bestellung \u00fcber eine der Zahlungsmethoden ab und senden Sie die Bestellung ab.<\/li>\n<li>Bei der Abholung im Lager bieten wir Ihnen als zus\u00e4tzlichen Service die M\u00f6glichkeit, bar (passend) zu zahlen oder \u00fcber einen Zahlungslink, den wir Ihnen per E-Mail zusenden.<\/li>\n<li>Sie erhalten immer eine automatische Bestellbest\u00e4tigung aus unserem System, anhand derer Sie Ihre Bestellung \u00fcberpr\u00fcfen k\u00f6nnen.<\/li>\n<li>Sollte der von Ihnen angegebene Abholzeitpunkt aus irgendeinem Grund nicht passen, setzen wir uns mit Ihnen in Verbindung. Wenn Sie nichts von uns h\u00f6ren, gilt der angegebene Zeitpunkt als best\u00e4tigt.<\/li>\n<li>M\u00f6chten Sie Ihre Bestellung sofort abholen und sind unsicher, ob dies kurzfristig m\u00f6glich ist? Rufen Sie uns bitte unter der Nummer 0316 584900 (aus dem Ausland +31 316 584900) an, und wir vereinbaren gerne einen Termin mit Ihnen.<\/li>\n<\/ol>\n<p>Hinweis: Es gibt im Lager keine Kartenzahlung oder Kasse, daher bitten wir bei Barzahlung um passendes Bargeld.<\/p>\n<p><strong>Abholung bei einer ParcelShop oder einem PostNL-Punkt<\/strong><br \/>\nEs ist auch m\u00f6glich, Ihre Bestellung bei einer der zahlreichen ParcelShops oder PostNL-Punkte abzuholen.<\/p>\n<ol>\n<li>Geben Sie den Namen, die Adresse und die Postleitzahl des gew\u00fcnschten Abholpunkts im Bestellformular unter &#8222;Versenden an&#8220; ein.<\/li>\n<li>Geben Sie auch den Namen der Person an, die das Paket abholt, da diese sich beim Abholen ausweisen muss.<\/li>\n<li>Wenn Sie kein spezifisches Abholpunkt angeben, w\u00e4hlen wir automatisch den n\u00e4chstgelegenen Abholpunkt f\u00fcr Sie aus. Sie erhalten dann eine E-Mail von dem entsprechenden Paketdienst, wann und wo das Paket abgeholt werden kann.<\/li>\n<\/ol>\n<p><strong>Wichtig:<\/strong> Bei Abholung an einem Abholpunkt muss die Bestellung im Voraus bezahlt sein, z. B. per iDEAL, PayPal oder \u00dcberweisung. Sobald wir die Zahlung erhalten haben, wird das Paket versendet.<\/p>\n<\/div><\/div><\/div><\/div><\/div><\/div><\/div><\/section>\n","protected":false},"excerpt":{"rendered":"Bestellung abholen M\u00f6chten Sie Ihre Bestellung lieber selbst abholen? Kein Problem! In diesem Fall bieten wir Ihnen die M\u00f6glichkeit, die bestellten Produkte in unserem Lager an der Didamseweg 152 in Zevenaar (Gelderland) abzuholen. So gehen Sie vor: F\u00fcllen Sie zun\u00e4chst das Bestellformular vollst\u00e4ndig aus. Auf der rechten Seite erscheint hinter &#8222;Versand&#8220; die Versandoption &#8222;Abholung im...","protected":false},"author":1,"featured_media":0,"parent":0,"menu_order":0,"comment_status":"closed","ping_status":"closed","template":"","meta":{"_acf_changed":false,"footnotes":""},"class_list":["post-13500","page","type-page","status-publish","hentry"],"acf":[],"_links":{"self":[{"href":"https:\/\/www.wepaflyer.com\/de\/wp-json\/wp\/v2\/pages\/13500","targetHints":{"allow":["GET"]}}],"collection":[{"href":"https:\/\/www.wepaflyer.com\/de\/wp-json\/wp\/v2\/pages"}],"about":[{"href":"https:\/\/www.wepaflyer.com\/de\/wp-json\/wp\/v2\/types\/page"}],"author":[{"embeddable":true,"href":"https:\/\/www.wepaflyer.com\/de\/wp-json\/wp\/v2\/users\/1"}],"replies":[{"embeddable":true,"href":"https:\/\/www.wepaflyer.com\/de\/wp-json\/wp\/v2\/comments?post=13500"}],"version-history":[{"count":2,"href":"https:\/\/www.wepaflyer.com\/de\/wp-json\/wp\/v2\/pages\/13500\/revisions"}],"predecessor-version":[{"id":22653,"href":"https:\/\/www.wepaflyer.com\/de\/wp-json\/wp\/v2\/pages\/13500\/revisions\/22653"}],"wp:attachment":[{"href":"https:\/\/www.wepaflyer.com\/de\/wp-json\/wp\/v2\/media?parent=13500"}],"curies":[{"name":"wp","href":"https:\/\/api.w.org\/{rel}","templated":true}]}}